{"id":71,"date":"2017-03-14T00:10:26","date_gmt":"2017-03-13T23:10:26","guid":{"rendered":"http:\/\/yourteprevert.info\/?page_id=71"},"modified":"2017-11-09T15:18:51","modified_gmt":"2017-11-09T14:18:51","slug":"contact","status":"publish","type":"page","link":"https:\/\/old.yourteprevert.info\/index.php\/contact\/","title":{"rendered":"Contact"},"content":{"rendered":"<div class=\"contact\">\n<div class=\"gauchecontact\">\n<p class=\"infoscontact\"><strong>Carole Collaud<\/strong><br \/>\nImpasse du Pr\u00e9 Vert 18 (Quartier du Jura)<br \/>\n1700 Fribourg<\/p>\n<table>\n<tbody>\n<tr>\n<td>T\u00e9l + Fax :<\/td>\n<td>026 466 11 73<\/td>\n<\/tr>\n<tr>\n<td>Portable :<\/td>\n<td>078 842 64 28<\/td>\n<\/tr>\n<\/tbody>\n<\/table>\n<p>E-mail : <a href=\"mailto:carolecollaud@hotmail.com\">carolecollaud@hotmail.com<\/a><br \/>\nSite des camps : <a href=\"http:\/\/www.flautissimo.info\" target=\"_blank\" rel=\"noopener noreferrer\">www.flautissimo.info<\/a><br \/>\nSite professionnel musical : <a href=\"http:\/\/www.ccollaud.com\" target=\"_blank\" rel=\"noopener noreferrer\">www.ccollaud.com<\/a><\/p>\n<\/div>\n<div class=\"imagecontact\"><a href=\"https:\/\/yourteprevert.ch\/wp-content\/uploads\/2017\/03\/1er-\u00e9t\u00e9-2.jpg\"><img decoding=\"async\" loading=\"lazy\" class=\"alignright wp-image-440 size-medium\" src=\"https:\/\/yourteprevert.ch\/wp-content\/uploads\/2017\/03\/1er-\u00e9t\u00e9-2-300x225.jpg\" alt=\"\" width=\"300\" height=\"225\" srcset=\"https:\/\/old.yourteprevert.info\/wp-content\/uploads\/2017\/03\/1er-\u00e9t\u00e9-2-300x225.jpg 300w, https:\/\/old.yourteprevert.info\/wp-content\/uploads\/2017\/03\/1er-\u00e9t\u00e9-2-768x576.jpg 768w, https:\/\/old.yourteprevert.info\/wp-content\/uploads\/2017\/03\/1er-\u00e9t\u00e9-2-1024x768.jpg 1024w\" sizes=\"(max-width: 300px) 100vw, 300px\" \/><\/a><\/div>\n<p><iframe loading=\"lazy\" style=\"border: 0;\" src=\"https:\/\/www.google.com\/maps\/embed?pb=!1m18!1m12!1m3!1d2730.793190379125!2d7.142819315602977!3d46.80837957913981!2m3!1f0!2f0!3f0!3m2!1i1024!2i768!4f13.1!3m3!1m2!1s0x478e6ecdb6ae1513%3A0x65af3dfe81af8400!2sImpasse+du+Pr%C3%A9-Vert+18%2C+1700+Fribourg!5e0!3m2!1sen!2sch!4v1495473659639\" width=\"400\" height=\"300\" frameborder=\"0\" allowfullscreen=\"allowfullscreen\"><\/iframe><\/p>\n<h4>\u00c0 pied<\/h4>\n<ul>\n<li>Situ\u00e9 entre l&rsquo;\u00e9tang du Jura et le Guintzet<\/li>\n<li>\u00c0 400 m\u00e8tres de Givisiez (entr\u00e9e Fribourg)<\/li>\n<li>Mais aussi \u00e0 12 minutes \u00e0 pied de la gare\u00a0!<\/li>\n<li>Bus no 3 ou 5 (Jura)<\/li>\n<\/ul>\n<h4>En voiture<\/h4>\n<ul>\n<li>Sortie de l&rsquo;autoroute A 12 direction\u00a0 \u00ab\u00a0Avenches\u00a0\u00bb<\/li>\n<li>Suivre ensuite pour Fribourg<\/li>\n<li>Station Migrol \u00e0 gauche<\/li>\n<li>Panneau bleu d&rsquo;entr\u00e9e \u00ab\u00a0Fribourg\u00a0\u00bb<\/li>\n<li>Parking P+R \u00e0 droite<\/li>\n<li>Premiers feux rouges<\/li>\n<li>Apr\u00e8s ces feux, prendre imm\u00e9diatement \u00e0 droite, juste devant le mini-golf<\/li>\n<li>Monter (= route de la Broye) environ 400 m\u00e8tres<\/li>\n<li>Puis droit devant : pendre passage \u00e9troit entre panneaux \u00ab\u00a030\u00a0\u00bb et \u00ab\u00a0T\u00a0\u00bb<\/li>\n<li>Prochaine \u00e0 gauche = Impasse Pr\u00e9 Vert aller jusqu\u0092au no 18 qui est sur la droite<\/li>\n<li>Facile de faire demi-tour au fond de l\u0092impasse<\/li>\n<li><strong>Place de parc, horodateur dans la rue<\/strong><\/li>\n<\/ul>\n<h5>En venant d&rsquo;Avenches<\/h5>\n<ul>\n<li>Suivre toujours pour Fribourg<\/li>\n<li>En venant par l&rsquo;A1 de\u00a0Gen\u00e8ve\u00a0pour Berne via Yverdon<\/li>\n<li>Il vaut mieux ne pas prendre les sorties pour Fribourg mais attendre la sortie pour Avenches<\/li>\n<li>Ensuite suivre pour Fribourg puis idem d\u00e9tails ci-dessus<\/li>\n<\/ul>\n<\/div>\n","protected":false},"excerpt":{"rendered":"<p>Carole Collaud Impasse du Pr\u00e9 Vert 18 (Quartier du Jura) 1700 Fribourg T\u00e9l + Fax : 026 466 11 73 Portable : 078 842 64 28 E-mail : carolecollaud@hotmail.com Site des camps : www.flautissimo.info Site professionnel musical : www.ccollaud.com \u00c0 pied Situ\u00e9 entre l&rsquo;\u00e9tang du Jura et le Guintzet \u00c0 400 m\u00e8tres de Givisiez (entr\u00e9e [&hellip;]<\/p>\n","protected":false},"author":1,"featured_media":0,"parent":0,"menu_order":0,"comment_status":"closed","ping_status":"closed","template":"","meta":[],"_links":{"self":[{"href":"https:\/\/old.yourteprevert.info\/index.php\/wp-json\/wp\/v2\/pages\/71"}],"collection":[{"href":"https:\/\/old.yourteprevert.info\/index.php\/wp-json\/wp\/v2\/pages"}],"about":[{"href":"https:\/\/old.yourteprevert.info\/index.php\/wp-json\/wp\/v2\/types\/page"}],"author":[{"embeddable":true,"href":"https:\/\/old.yourteprevert.info\/index.php\/wp-json\/wp\/v2\/users\/1"}],"replies":[{"embeddable":true,"href":"https:\/\/old.yourteprevert.info\/index.php\/wp-json\/wp\/v2\/comments?post=71"}],"version-history":[{"count":40,"href":"https:\/\/old.yourteprevert.info\/index.php\/wp-json\/wp\/v2\/pages\/71\/revisions"}],"predecessor-version":[{"id":943,"href":"https:\/\/old.yourteprevert.info\/index.php\/wp-json\/wp\/v2\/pages\/71\/revisions\/943"}],"wp:attachment":[{"href":"https:\/\/old.yourteprevert.info\/index.php\/wp-json\/wp\/v2\/media?parent=71"}],"curies":[{"name":"wp","href":"https:\/\/api.w.org\/{rel}","templated":true}]}}