{"id":69,"date":"2017-03-14T00:10:00","date_gmt":"2017-03-13T23:10:00","guid":{"rendered":"http:\/\/yourteprevert.info\/?page_id=69"},"modified":"2023-04-30T15:17:34","modified_gmt":"2023-04-30T13:17:34","slug":"accompagnement-de-fin-de-vie","status":"publish","type":"page","link":"https:\/\/old.yourteprevert.info\/index.php\/accompagnement-de-fin-de-vie\/","title":{"rendered":"Accompagnement de fin de vie"},"content":{"rendered":"<p>&nbsp;<\/p>\n<p>&nbsp;<\/p>\n<p><a href=\"https:\/\/yourteprevert.ch\/wp-content\/uploads\/2017\/03\/carole-58.jpg\"><img decoding=\"async\" loading=\"lazy\" class=\"aligncenter wp-image-138\" src=\"https:\/\/yourteprevert.ch\/wp-content\/uploads\/2017\/03\/carole-58-300x200.jpg\" alt=\"\" width=\"599\" height=\"400\" srcset=\"https:\/\/old.yourteprevert.info\/wp-content\/uploads\/2017\/03\/carole-58-300x200.jpg 300w, https:\/\/old.yourteprevert.info\/wp-content\/uploads\/2017\/03\/carole-58-768x513.jpg 768w, https:\/\/old.yourteprevert.info\/wp-content\/uploads\/2017\/03\/carole-58-1024x683.jpg 1024w\" sizes=\"(max-width: 599px) 100vw, 599px\" \/><\/a><\/p>\n<p>&nbsp;<\/p>\n<p>&nbsp;<\/p>\n<p>&nbsp;<\/p>\n<p align=\"justify\">\u00ab <strong><em>Accompagner quelqu&rsquo;un ce n&rsquo;est pas le pr\u00e9c\u00e9der, lui indiquer la route, lui imposer un itin\u00e9raire, ni m\u00eame conna\u00eetre la direction qu&rsquo;il va prendre. C&rsquo;est marcher \u00e0 ses c\u00f4t\u00e9s en le laissant libre de choisir son chemin et le rythme de son pas<\/em> <\/strong>\u00bb<br \/>\nP\u00e8re Vespierren, &nbsp;<em>Face \u00e0 celui qui meurt<\/em>.<\/p>\n<p align=\"justify\">Accompagner c&rsquo;est permettre \u00e0 la personne de conserver un sens humain \u00e0 ce qu&rsquo;elle vit, de trouver ses propres points de rep\u00e8re tout en gardant son identit\u00e9. Se r\u00e9concilier avec elle-m\u00eame et avec les autres, c&rsquo;est aider \u00e0 passer \u00e0 autre chose et \u00e0 faire face \u00e0 beaucoup de fins \u00e0 la fois, donc \u00e0 faire ses propres deuils, \u00e0 faire des choix et \u00e0 les accepter.<\/p>\n<h2 align=\"justify\">Un accompagnement par la musique<\/h2>\n<p align=\"justify\">Par la musique, je propose un accompagnement aux personnes \u00e2g\u00e9es et\/ou aux personnes d\u2019acheminant vers le passage de la mort. Je souhaite ainsi leur apporter de l\u2019apaisement \u00e0 l\u2019approche de ce passage qu\u2019est la mort.<\/p>\n<p align=\"justify\">Sous forme de \u00ab&nbsp;concert priv\u00e9&nbsp;\u00bb avec une fl\u00fbte, des bols tib\u00e9tains, des diapasons th\u00e9rapeutiques, et divers carillons tr\u00e8s doux pour cr\u00e9er une atmosph\u00e8re sereine et enveloppante, propice au l\u00e2cher prise et \u00e0 la m\u00e9ditation.<\/p>\n<p align=\"justify\">Ce cocon sonore apporte un apaisement au niveau physique, mental et \u00e9motionnel.<\/p>\n<p align=\"justify\">Que la personne soit consciente ou non importe peu, les sons \u0153uvrent l\u00e0 o\u00f9 cela est n\u00e9cessaire pour apporter de la s\u00e9r\u00e9nit\u00e9 et une paisible joie.<\/p>\n<p align=\"justify\">Quand les mots sont difficiles, une pr\u00e9sence diff\u00e9rente est possible par les sons.<\/p>\n<p align=\"justify\">Ma pr\u00e9sence n\u2019est pas une assistance au dernier souffle, m\u00eame si cela peut arriver, mais c\u2019est un accompagnement, en amont, pour pr\u00e9parer et faciliter ce passage qu\u2019est la mort.<\/p>\n<h2 align=\"justify\">Informations pratiques<\/h2>\n<p align=\"justify\">Actuellement, j\u2019interviens \u00e0 l\u2019Unit\u00e9 de soins palliatifs de Fribourg depuis l\u2019ouverture de la maison St-Fran\u00e7ois &#8211; HFR.<\/p>\n<p align=\"justify\">Je peux me d\u00e9placer en EMS, \u00e0 l\u2019h\u00f4pital ou \u00e0 domicile.<\/p>\n","protected":false},"excerpt":{"rendered":"<p>&nbsp; &nbsp; &nbsp; &nbsp; &nbsp; \u00ab Accompagner quelqu&rsquo;un ce n&rsquo;est pas le pr\u00e9c\u00e9der, lui indiquer la route, lui imposer un itin\u00e9raire, ni m\u00eame conna\u00eetre la direction qu&rsquo;il va prendre. C&rsquo;est marcher \u00e0 ses c\u00f4t\u00e9s en le laissant libre de choisir son chemin et le rythme de son pas \u00bb P\u00e8re Vespierren, &nbsp;Face \u00e0 celui qui [&hellip;]<\/p>\n","protected":false},"author":1,"featured_media":0,"parent":0,"menu_order":0,"comment_status":"closed","ping_status":"closed","template":"","meta":[],"_links":{"self":[{"href":"https:\/\/old.yourteprevert.info\/index.php\/wp-json\/wp\/v2\/pages\/69"}],"collection":[{"href":"https:\/\/old.yourteprevert.info\/index.php\/wp-json\/wp\/v2\/pages"}],"about":[{"href":"https:\/\/old.yourteprevert.info\/index.php\/wp-json\/wp\/v2\/types\/page"}],"author":[{"embeddable":true,"href":"https:\/\/old.yourteprevert.info\/index.php\/wp-json\/wp\/v2\/users\/1"}],"replies":[{"embeddable":true,"href":"https:\/\/old.yourteprevert.info\/index.php\/wp-json\/wp\/v2\/comments?post=69"}],"version-history":[{"count":19,"href":"https:\/\/old.yourteprevert.info\/index.php\/wp-json\/wp\/v2\/pages\/69\/revisions"}],"predecessor-version":[{"id":1394,"href":"https:\/\/old.yourteprevert.info\/index.php\/wp-json\/wp\/v2\/pages\/69\/revisions\/1394"}],"wp:attachment":[{"href":"https:\/\/old.yourteprevert.info\/index.php\/wp-json\/wp\/v2\/media?parent=69"}],"curies":[{"name":"wp","href":"https:\/\/api.w.org\/{rel}","templated":true}]}}