{"id":536,"date":"2017-05-14T16:48:22","date_gmt":"2017-05-14T14:48:22","guid":{"rendered":"http:\/\/yourteprevert.info\/?page_id=536"},"modified":"2020-06-12T07:25:45","modified_gmt":"2020-06-12T05:25:45","slug":"ateliers","status":"publish","type":"page","link":"https:\/\/old.yourteprevert.info\/index.php\/ateliers\/","title":{"rendered":"Ateliers"},"content":{"rendered":"<p>&nbsp;<\/p>\n<p>&nbsp;<\/p>\n<p>&nbsp;<\/p>\n<p><a href=\"https:\/\/yourteprevert.ch\/wp-content\/uploads\/2017\/05\/art-4.jpg\"><img decoding=\"async\" loading=\"lazy\" class=\"aligncenter wp-image-622\" src=\"https:\/\/yourteprevert.ch\/wp-content\/uploads\/2017\/05\/art-4-300x251.jpg\" alt=\"\" width=\"478\" height=\"400\" srcset=\"https:\/\/old.yourteprevert.info\/wp-content\/uploads\/2017\/05\/art-4-300x251.jpg 300w, https:\/\/old.yourteprevert.info\/wp-content\/uploads\/2017\/05\/art-4-768x643.jpg 768w, https:\/\/old.yourteprevert.info\/wp-content\/uploads\/2017\/05\/art-4-1024x857.jpg 1024w\" sizes=\"(max-width: 478px) 100vw, 478px\" \/><\/a><\/p>\n<p>&nbsp;<\/p>\n<p>&nbsp;<\/p>\n<p>&nbsp;<\/p>\n<p>A la demande, j\u2019organise d\u00e8s 4 enfants des ateliers sur diff\u00e9rents th\u00e8mes\u00a0:<\/p>\n<ul>\n<li style=\"list-style-type: none;\">\n<ul>\n<li><strong><a href=\"http:\/\/flautissimo.info\/flautissimo.html\" target=\"_blank\" rel=\"noopener noreferrer\">Musique<\/a>\u00a0<\/strong>: d\u00e9couverte d\u2019instruments, musique en groupe, chant, instrumentarium<\/li>\n<\/ul>\n<\/li>\n<\/ul>\n<ul>\n<li style=\"list-style-type: none;\">\n<ul>\n<li><strong><a href=\"http:\/\/flautissimo.info\/stages.html\" target=\"_blank\" rel=\"noopener noreferrer\">Art<\/a>\u00a0<\/strong>: Land-Art, terre, peinture, bois, m\u00e9tal, p\u00e2tes, pyrogravure, bricolage<\/li>\n<\/ul>\n<\/li>\n<\/ul>\n<ul>\n<li style=\"list-style-type: none;\">\n<ul>\n<li><strong><a href=\"https:\/\/yourteprevert.ch\/index.php\/enfants\/\">Yoga<\/a>\u00a0<\/strong>: position des animaux, \u00e9quilibre, respiration, position \u00e0 deux<\/li>\n<\/ul>\n<\/li>\n<\/ul>\n<ul>\n<li style=\"list-style-type: none;\">\n<ul>\n<li><strong><a href=\"https:\/\/yourteprevert.ch\/index.php\/massage-thai#pourqui\">Massage<\/a>\u00a0<\/strong>: doux et relaxant<\/li>\n<\/ul>\n<\/li>\n<\/ul>\n<ul>\n<li style=\"list-style-type: none;\">\n<ul>\n<li><a href=\"http:\/\/flautissimo.info\/stages.html\" target=\"_blank\" rel=\"noopener noreferrer\"><strong>F\u00eate d&rsquo;anniversaire<\/strong><\/a>\u00a0: jeux cr\u00e9atifs, ludiques, \u00e9nigmes, rallye ext\u00e9rieur, loto<\/li>\n<\/ul>\n<\/li>\n<\/ul>\n<ul>\n<li style=\"list-style-type: none;\">\n<ul>\n<li><strong><a href=\"http:\/\/flautissimo.info\/stages.html\" target=\"_blank\" rel=\"noopener noreferrer\">YAM<\/a>\u00a0<\/strong>: <strong>Y<\/strong>oga <strong>A<\/strong>rt <strong>M<\/strong>usique\u00a0: un ou deux samedis par mois<\/li>\n<\/ul>\n<\/li>\n<\/ul>\n<ul>\n<li style=\"list-style-type: none;\">\n<ul>\n<li><a href=\"http:\/\/flautissimo.info\/camps.html\" target=\"_blank\" rel=\"noopener noreferrer\"><strong>Camps<\/strong><\/a> : de musique<\/li>\n<\/ul>\n<\/li>\n<\/ul>\n<p><strong>Avec possibilit\u00e9, apr\u00e8s l&rsquo;atelier, de passer ensemble la nuit dans la yourte\u00a0! \ud83d\ude42<br \/>\n<\/strong><\/p>\n<p>Pour plus d\u2019informations, me contacter par <a href=\"mailto:carolecollaud@hotmail.com\">e-mail<\/a>.<\/p>\n<p>&nbsp;<\/p>\n<div id='gallery-1' class='gallery galleryid-536 gallery-columns-5 gallery-size-medium'><figure class='gallery-item'>\n\t\t\t<div class='gallery-icon landscape'>\n\t\t\t\t<a href='https:\/\/old.yourteprevert.info\/wp-content\/uploads\/2017\/11\/music-1.jpg'><img width=\"300\" height=\"225\" src=\"https:\/\/old.yourteprevert.info\/wp-content\/uploads\/2017\/11\/music-1-300x225.jpg\" class=\"attachment-medium size-medium\" alt=\"\" decoding=\"async\" loading=\"lazy\" srcset=\"https:\/\/old.yourteprevert.info\/wp-content\/uploads\/2017\/11\/music-1-300x225.jpg 300w, https:\/\/old.yourteprevert.info\/wp-content\/uploads\/2017\/11\/music-1-768x576.jpg 768w, https:\/\/old.yourteprevert.info\/wp-content\/uploads\/2017\/11\/music-1-1024x768.jpg 1024w\" sizes=\"(max-width: 300px) 100vw, 300px\" \/><\/a>\n\t\t\t<\/div><\/figure><figure class='gallery-item'>\n\t\t\t<div class='gallery-icon landscape'>\n\t\t\t\t<a href='https:\/\/old.yourteprevert.info\/wp-content\/uploads\/2017\/11\/music-3.jpg'><img width=\"300\" height=\"225\" src=\"https:\/\/old.yourteprevert.info\/wp-content\/uploads\/2017\/11\/music-3-300x225.jpg\" class=\"attachment-medium size-medium\" alt=\"\" decoding=\"async\" loading=\"lazy\" srcset=\"https:\/\/old.yourteprevert.info\/wp-content\/uploads\/2017\/11\/music-3-300x225.jpg 300w, https:\/\/old.yourteprevert.info\/wp-content\/uploads\/2017\/11\/music-3-768x576.jpg 768w, https:\/\/old.yourteprevert.info\/wp-content\/uploads\/2017\/11\/music-3-1024x768.jpg 1024w\" sizes=\"(max-width: 300px) 100vw, 300px\" \/><\/a>\n\t\t\t<\/div><\/figure><figure class='gallery-item'>\n\t\t\t<div class='gallery-icon landscape'>\n\t\t\t\t<a href='https:\/\/old.yourteprevert.info\/wp-content\/uploads\/2017\/11\/yoga-1.1.jpg'><img width=\"300\" height=\"225\" src=\"https:\/\/old.yourteprevert.info\/wp-content\/uploads\/2017\/11\/yoga-1.1-300x225.jpg\" class=\"attachment-medium size-medium\" alt=\"\" decoding=\"async\" loading=\"lazy\" srcset=\"https:\/\/old.yourteprevert.info\/wp-content\/uploads\/2017\/11\/yoga-1.1-300x225.jpg 300w, https:\/\/old.yourteprevert.info\/wp-content\/uploads\/2017\/11\/yoga-1.1-768x576.jpg 768w, https:\/\/old.yourteprevert.info\/wp-content\/uploads\/2017\/11\/yoga-1.1-1024x768.jpg 1024w\" sizes=\"(max-width: 300px) 100vw, 300px\" \/><\/a>\n\t\t\t<\/div><\/figure><figure class='gallery-item'>\n\t\t\t<div class='gallery-icon landscape'>\n\t\t\t\t<a href='https:\/\/old.yourteprevert.info\/wp-content\/uploads\/2017\/11\/yoga-1.jpg'><img width=\"300\" height=\"225\" src=\"https:\/\/old.yourteprevert.info\/wp-content\/uploads\/2017\/11\/yoga-1-300x225.jpg\" class=\"attachment-medium size-medium\" alt=\"\" decoding=\"async\" loading=\"lazy\" srcset=\"https:\/\/old.yourteprevert.info\/wp-content\/uploads\/2017\/11\/yoga-1-300x225.jpg 300w, https:\/\/old.yourteprevert.info\/wp-content\/uploads\/2017\/11\/yoga-1-768x576.jpg 768w, https:\/\/old.yourteprevert.info\/wp-content\/uploads\/2017\/11\/yoga-1-1024x768.jpg 1024w\" sizes=\"(max-width: 300px) 100vw, 300px\" \/><\/a>\n\t\t\t<\/div><\/figure><figure class='gallery-item'>\n\t\t\t<div class='gallery-icon landscape'>\n\t\t\t\t<a href='https:\/\/old.yourteprevert.info\/wp-content\/uploads\/2017\/11\/yoga.jpg'><img width=\"300\" height=\"225\" src=\"https:\/\/old.yourteprevert.info\/wp-content\/uploads\/2017\/11\/yoga-300x225.jpg\" class=\"attachment-medium size-medium\" alt=\"\" decoding=\"async\" loading=\"lazy\" srcset=\"https:\/\/old.yourteprevert.info\/wp-content\/uploads\/2017\/11\/yoga-300x225.jpg 300w, https:\/\/old.yourteprevert.info\/wp-content\/uploads\/2017\/11\/yoga-768x576.jpg 768w, https:\/\/old.yourteprevert.info\/wp-content\/uploads\/2017\/11\/yoga-1024x768.jpg 1024w\" sizes=\"(max-width: 300px) 100vw, 300px\" \/><\/a>\n\t\t\t<\/div><\/figure>\n\t\t<\/div>\n\n<p>&nbsp;<\/p>\n<p>&nbsp;<\/p>\n","protected":false},"excerpt":{"rendered":"<p>&nbsp; &nbsp; &nbsp; &nbsp; &nbsp; &nbsp; A la demande, j\u2019organise d\u00e8s 4 enfants des ateliers sur diff\u00e9rents th\u00e8mes\u00a0: Musique\u00a0: d\u00e9couverte d\u2019instruments, musique en groupe, chant, instrumentarium Art\u00a0: Land-Art, terre, peinture, bois, m\u00e9tal, p\u00e2tes, pyrogravure, bricolage Yoga\u00a0: position des animaux, \u00e9quilibre, respiration, position \u00e0 deux Massage\u00a0: doux et relaxant F\u00eate d&rsquo;anniversaire\u00a0: jeux cr\u00e9atifs, ludiques, \u00e9nigmes, rallye [&hellip;]<\/p>\n","protected":false},"author":1,"featured_media":0,"parent":0,"menu_order":0,"comment_status":"closed","ping_status":"closed","template":"","meta":[],"_links":{"self":[{"href":"https:\/\/old.yourteprevert.info\/index.php\/wp-json\/wp\/v2\/pages\/536"}],"collection":[{"href":"https:\/\/old.yourteprevert.info\/index.php\/wp-json\/wp\/v2\/pages"}],"about":[{"href":"https:\/\/old.yourteprevert.info\/index.php\/wp-json\/wp\/v2\/types\/page"}],"author":[{"embeddable":true,"href":"https:\/\/old.yourteprevert.info\/index.php\/wp-json\/wp\/v2\/users\/1"}],"replies":[{"embeddable":true,"href":"https:\/\/old.yourteprevert.info\/index.php\/wp-json\/wp\/v2\/comments?post=536"}],"version-history":[{"count":45,"href":"https:\/\/old.yourteprevert.info\/index.php\/wp-json\/wp\/v2\/pages\/536\/revisions"}],"predecessor-version":[{"id":1182,"href":"https:\/\/old.yourteprevert.info\/index.php\/wp-json\/wp\/v2\/pages\/536\/revisions\/1182"}],"wp:attachment":[{"href":"https:\/\/old.yourteprevert.info\/index.php\/wp-json\/wp\/v2\/media?parent=536"}],"curies":[{"name":"wp","href":"https:\/\/api.w.org\/{rel}","templated":true}]}}