{"id":442,"date":"2017-05-07T17:32:25","date_gmt":"2017-05-07T15:32:25","guid":{"rendered":"http:\/\/yourteprevert.info\/?page_id=442"},"modified":"2018-12-07T09:21:59","modified_gmt":"2018-12-07T08:21:59","slug":"acro-yoga","status":"publish","type":"page","link":"https:\/\/old.yourteprevert.info\/index.php\/acro-yoga\/","title":{"rendered":"acro-yoga"},"content":{"rendered":"<p>&nbsp;<\/p>\n<p>&nbsp;<\/p>\n<p><a href=\"https:\/\/yourteprevert.ch\/wp-content\/uploads\/2017\/05\/20170517_160415.jpg\"><img decoding=\"async\" loading=\"lazy\" class=\"aligncenter wp-image-735\" src=\"https:\/\/yourteprevert.ch\/wp-content\/uploads\/2017\/05\/20170517_160415-300x169.jpg\" alt=\"\" width=\"711\" height=\"400\" srcset=\"https:\/\/old.yourteprevert.info\/wp-content\/uploads\/2017\/05\/20170517_160415-300x169.jpg 300w, https:\/\/old.yourteprevert.info\/wp-content\/uploads\/2017\/05\/20170517_160415-768x432.jpg 768w, https:\/\/old.yourteprevert.info\/wp-content\/uploads\/2017\/05\/20170517_160415-1024x576.jpg 1024w\" sizes=\"(max-width: 711px) 100vw, 711px\" \/><\/a><\/p>\n<p>&nbsp;<\/p>\n<p>&nbsp;<\/p>\n<p><span style=\"color: #0070c0;\"><span style=\"font-family: Calibri,serif;\"><span style=\"font-size: large;\">\u00a0<\/span><\/span><\/span><\/p>\n<h2 style=\"text-align: center;\">\u00catre pr\u00e9sent dans le moment\u2026<\/h2>\n<h2 style=\"text-align: center;\">En \u00e9quilibre avec un\/e partenaire\u2026<\/h2>\n<h2 style=\"text-align: center;\">Voil\u00e0 l\u2019essence de l\u2019AcroYoga\u00a0!<\/h2>\n<p>&nbsp;<\/p>\n<p style=\"text-align: center;\">Fraichement certifi\u00e9e \u00e0 l&rsquo;AcroYoga Montr\u00e9al, je suis heureuse d\u2019animer des ateliers d\u2019introduction \u00e0 l\u2019AcroYoga.<\/p>\n<p style=\"text-align: center;\"><strong>Venez d\u00e9couvrir l\u2019AcroYoga seul\/e, avec un\/e ami\/e, ses enfants ou son filleul.<\/strong><\/p>\n<p style=\"text-align: center;\"><strong>Une pratique amusante, passionnante, inspirante et pleine de respect. Osez l&rsquo;exp\u00e9rience!<\/strong><\/p>\n<p>Pas besoin d&rsquo;\u00eatre acrobate, ni souple. Juste avoir envie d&rsquo;exp\u00e9rimenter un m\u00e9lange de mouvements et de postures d\u2019\u00e9quilibre en toute s\u00e9curit\u00e9. S\u2019exercer avec un\/e partenaire donne \u00e0 la pratique du Yoga une toute nouvelle dimension. Se soutenir r\u00e9ciproquement, s\u2019occuper de l\u2019autre et l\u00e2cher prise \u00e0 tour de r\u00f4le permet une exp\u00e9rience approfondie des postures.<\/p>\n<p>&nbsp;<\/p>\n<h2 align=\"center\">Dans un esprit de l\u00e9g\u00e8ret\u00e9, ludique, joyeux<\/h2>\n<h2 align=\"center\">et plein de nouvelles sensations\u2026<\/h2>\n<p>&nbsp;<\/p>\n<table>\n<tbody>\n<tr>\n<td>\n<h5>Prochaines dates :<\/h5>\n<\/td>\n<td><\/td>\n<\/tr>\n<tr>\n<td>Samedi ou dimanche 15 ou 16 septembre 2018<\/td>\n<td>10h \u00e0 12h<\/td>\n<\/tr>\n<tr>\n<td>\u00a0Dimanche 9 d\u00e9cembre 2018<\/td>\n<td>\u00a016h \u00e0 18h<\/td>\n<\/tr>\n<tr>\n<td><\/td>\n<td><\/td>\n<\/tr>\n<tr>\n<td><\/td>\n<td><\/td>\n<\/tr>\n<tr>\n<td><\/td>\n<td><\/td>\n<\/tr>\n<tr>\n<td><\/td>\n<td><\/td>\n<\/tr>\n<tr>\n<td><\/td>\n<td><\/td>\n<\/tr>\n<\/tbody>\n<\/table>\n<p>&nbsp;<\/p>\n<p>Je propose aussi des cours <strong>\u00ab\u00a0\u00e0 la carte\u00a0\u00bb<\/strong> (jour f\u00e9ri\u00e9, samedi, dimanche).<br \/>\nAlors n\u2019h\u00e9sitez pas \u00e0 :<\/p>\n<ul>\n<li>proposer une date et un horaire.<\/li>\n<li>inviter des amis\u00a0!<\/li>\n<li>offrir un cadeau-d\u00e9couverte \ud83d\ude42<\/li>\n<\/ul>\n<p>D\u00e8s 4 personnes, j&rsquo;ouvre un cours et cherche d&rsquo;autres participants pour le compl\u00e9ter!<\/p>\n<h5>Pour qui\u00a0?<\/h5>\n<p>Adultes et enfants d\u00e8s 8 ans<\/p>\n<p><a href=\"https:\/\/yourteprevert.ch\/wp-content\/uploads\/2017\/05\/acro-yoga.jpg\"><img decoding=\"async\" loading=\"lazy\" class=\"aligncenter wp-image-459 size-large\" src=\"https:\/\/yourteprevert.ch\/wp-content\/uploads\/2017\/05\/acro-yoga-1024x683.jpg\" alt=\"\" width=\"640\" height=\"427\" srcset=\"https:\/\/old.yourteprevert.info\/wp-content\/uploads\/2017\/05\/acro-yoga-1024x683.jpg 1024w, https:\/\/old.yourteprevert.info\/wp-content\/uploads\/2017\/05\/acro-yoga-300x200.jpg 300w, https:\/\/old.yourteprevert.info\/wp-content\/uploads\/2017\/05\/acro-yoga-768x512.jpg 768w\" sizes=\"(max-width: 640px) 100vw, 640px\" \/><\/a><\/p>\n<h5>Prix\u00a0?<\/h5>\n<p>40.- 1 adulte<br \/>\n30.- 1 enfant<br \/>\n60.- duo : 1 adulte et 1 enfant<br \/>\n70.- duo : couple<br \/>\n90.- trio :\u00a0 1 adulte et 2 enfants<\/p>\n<p>Le prix du cours ne devrait emp\u00eacher personne de venir. M&rsquo;en parler pour un \u00e9change\u00a0troc ou en <a href=\"https:\/\/enlien.ch\/\" target=\"_blank\" rel=\"noopener noreferrer\">SEL<\/a><\/p>\n<div id='gallery-1' class='gallery galleryid-442 gallery-columns-5 gallery-size-medium'><figure class='gallery-item'>\n\t\t\t<div class='gallery-icon landscape'>\n\t\t\t\t<a href='https:\/\/old.yourteprevert.info\/wp-content\/uploads\/2017\/05\/1a-1.jpg'><img width=\"300\" height=\"225\" src=\"https:\/\/old.yourteprevert.info\/wp-content\/uploads\/2017\/05\/1a-1-300x225.jpg\" class=\"attachment-medium size-medium\" alt=\"\" decoding=\"async\" loading=\"lazy\" srcset=\"https:\/\/old.yourteprevert.info\/wp-content\/uploads\/2017\/05\/1a-1-300x225.jpg 300w, https:\/\/old.yourteprevert.info\/wp-content\/uploads\/2017\/05\/1a-1-768x576.jpg 768w, https:\/\/old.yourteprevert.info\/wp-content\/uploads\/2017\/05\/1a-1-1024x768.jpg 1024w\" sizes=\"(max-width: 300px) 100vw, 300px\" \/><\/a>\n\t\t\t<\/div><\/figure><figure class='gallery-item'>\n\t\t\t<div class='gallery-icon landscape'>\n\t\t\t\t<a href='https:\/\/old.yourteprevert.info\/wp-content\/uploads\/2017\/05\/10.jpg'><img width=\"300\" height=\"225\" src=\"https:\/\/old.yourteprevert.info\/wp-content\/uploads\/2017\/05\/10-300x225.jpg\" class=\"attachment-medium size-medium\" alt=\"\" decoding=\"async\" loading=\"lazy\" srcset=\"https:\/\/old.yourteprevert.info\/wp-content\/uploads\/2017\/05\/10-300x225.jpg 300w, https:\/\/old.yourteprevert.info\/wp-content\/uploads\/2017\/05\/10-768x576.jpg 768w, https:\/\/old.yourteprevert.info\/wp-content\/uploads\/2017\/05\/10-1024x768.jpg 1024w\" sizes=\"(max-width: 300px) 100vw, 300px\" \/><\/a>\n\t\t\t<\/div><\/figure><figure class='gallery-item'>\n\t\t\t<div class='gallery-icon landscape'>\n\t\t\t\t<a href='https:\/\/old.yourteprevert.info\/wp-content\/uploads\/2017\/05\/11.jpg'><img width=\"300\" height=\"225\" src=\"https:\/\/old.yourteprevert.info\/wp-content\/uploads\/2017\/05\/11-300x225.jpg\" class=\"attachment-medium size-medium\" alt=\"\" decoding=\"async\" loading=\"lazy\" srcset=\"https:\/\/old.yourteprevert.info\/wp-content\/uploads\/2017\/05\/11-300x225.jpg 300w, https:\/\/old.yourteprevert.info\/wp-content\/uploads\/2017\/05\/11-768x576.jpg 768w, https:\/\/old.yourteprevert.info\/wp-content\/uploads\/2017\/05\/11-1024x768.jpg 1024w\" sizes=\"(max-width: 300px) 100vw, 300px\" \/><\/a>\n\t\t\t<\/div><\/figure><figure class='gallery-item'>\n\t\t\t<div class='gallery-icon landscape'>\n\t\t\t\t<a href='https:\/\/old.yourteprevert.info\/wp-content\/uploads\/2017\/05\/11a.jpg'><img width=\"300\" height=\"225\" src=\"https:\/\/old.yourteprevert.info\/wp-content\/uploads\/2017\/05\/11a-300x225.jpg\" class=\"attachment-medium size-medium\" alt=\"\" decoding=\"async\" loading=\"lazy\" srcset=\"https:\/\/old.yourteprevert.info\/wp-content\/uploads\/2017\/05\/11a-300x225.jpg 300w, https:\/\/old.yourteprevert.info\/wp-content\/uploads\/2017\/05\/11a-768x576.jpg 768w, https:\/\/old.yourteprevert.info\/wp-content\/uploads\/2017\/05\/11a-1024x768.jpg 1024w\" sizes=\"(max-width: 300px) 100vw, 300px\" \/><\/a>\n\t\t\t<\/div><\/figure><figure class='gallery-item'>\n\t\t\t<div class='gallery-icon landscape'>\n\t\t\t\t<a href='https:\/\/old.yourteprevert.info\/wp-content\/uploads\/2017\/05\/12.jpg'><img width=\"300\" height=\"225\" src=\"https:\/\/old.yourteprevert.info\/wp-content\/uploads\/2017\/05\/12-300x225.jpg\" class=\"attachment-medium size-medium\" alt=\"\" decoding=\"async\" loading=\"lazy\" srcset=\"https:\/\/old.yourteprevert.info\/wp-content\/uploads\/2017\/05\/12-300x225.jpg 300w, https:\/\/old.yourteprevert.info\/wp-content\/uploads\/2017\/05\/12-768x576.jpg 768w, https:\/\/old.yourteprevert.info\/wp-content\/uploads\/2017\/05\/12-1024x768.jpg 1024w\" sizes=\"(max-width: 300px) 100vw, 300px\" \/><\/a>\n\t\t\t<\/div><\/figure>\n\t\t<\/div>\n\n<p>&nbsp;<\/p>\n<h3>Questions fr\u00e9quentes\u00a0:<\/h3>\n<p>&nbsp;<\/p>\n<h5>Qu\u2019est-ce que l\u2019AcroYoga?<\/h5>\n<p>L\u2019AcroYoga combine acrobaties et conscience yogique. L\u2019essence de l\u2019AcroYoga, c\u2019est d\u2019\u00eatre pr\u00e9sent dans le moment et \u00eatre en \u00e9quilibre avec un partenaire.<\/p>\n<h5>Est-ce que n\u2019importe qui peut faire de l\u2019AcroYoga?<\/h5>\n<p>Oui, si vous \u00eates actif physiquement d\u2019une quelconque fa\u00e7on et que vous n\u2019avez aucune condition m\u00e9dicale grave, vous serez capable de faire de l\u2019AcroYoga sous une forme ou une autre. Cependant, si vous n\u2019aimez pas toucher les gens, il y aura un probl\u00e8me\u2026<\/p>\n<h5>Que dois-je porter?<\/h5>\n<p>Des v\u00eatements confortables, qui ne r\u00e9v\u00e8leront pas trop votre anatomie lorsque vous serez la t\u00eate en bas, pench\u00e9 dans un sens ou l\u2019autre ou les jambes \u00e9cart\u00e9es. \u00c9vitez de porter des bijoux qui peuvent s\u2019accrocher\/s\u2019emm\u00ealer, \u00eatre coupant ou se prendre dans les mains ou les pieds des bases. \u00c9vitez aussi les parfums forts.<\/p>\n<h5>Que dois-je \u00e9viter de boire et manger avant un cours d\u2019AcroYoga?<\/h5>\n<p>Manger au moins 2 heures avant une pratique, \u00e9vitez l\u2019alcool. Une collation l\u00e9g\u00e8re 30 minutes avant, comme une banane ou une pomme, est parfaite. Souvenez-vous que vous serez la t\u00eate en bas, on veut donc que le contenu du syst\u00e8me digestif soit sorti de l\u2019estomac.<\/p>\n<h5>Qui devrait \u00e9viter l\u2019AcroYoga?<\/h5>\n<p>Ceux qui souffrent de vertige, de haute pression, d\u2019hernie discale, d\u2019un sacrum instable, ceux qui ont eu une chirurgie r\u00e9cente, etc. Si vous n\u2019\u00eates pas certains, svp, consultez un professionnel de la sant\u00e9, un physioth\u00e9rapeute ou un th\u00e9rapeute corporel. Tous devraient d\u00e9buter une nouvelle activit\u00e9 avec pr\u00e9caution et vigilance.<\/p>\n<h5>Quel est le type de corps parfait pour l\u2019AcroYoga?<\/h5>\n<p>Le corps parfait en AcroYoga vient avec un \u00e9tat d\u2019esprit qui respecte ses forces et ses faiblesses et souhaite les explorer, en toute s\u00e9curit\u00e9, avec un autre \u00eatre humain ou deux.<\/p>\n<h5>Je suis tr\u00e8s raide, est-ce que \u00e7a signifie que je ne serai pas bon en AcroYoga?<\/h5>\n<p>Une faible flexibilit\u00e9 dans les ischio-jambiers va entraver les postures en L de la base, mais vous pouvez placer un tapis ou une couverture pli\u00e9s sous votre sacrum afin d\u2019y rem\u00e9dier. Une pratique yogique r\u00e9guli\u00e8re vous aidera \u00e0 accroitre votre flexibilit\u00e9 et \u00e0 apprendre \u00e0 d\u00e9sengager les muscles non n\u00e9cessaires aux asanas du yoga ou aux \u00e9quilibres de l\u2019AcroYoga.<\/p>\n<h5>Dois-je venir avec un partenaire?<\/h5>\n<p>Vous le pouvez si vous vous sentez plus \u00e0 l\u2019aise de travailler avec quelqu\u2019un que vous connaissez. Cependant, dans la plupart des classes, tout le monde trouve un partenaire et change de partenaire plusieurs fois. Changer de partenaire s\u2019av\u00e8re b\u00e9n\u00e9fique puisque cela nous aide \u00e0 d\u00e9velopper des outils pour s\u2019ajuster \u00e0 un nouvel environnement. Lorsqu\u2019on travaille en terrain connu, avec un partenaire habituel, on appr\u00e9cie encore plus ce partenariat, qui profite aussi des progr\u00e8s acquis en travaillant avec un partenaire sporadique.<\/p>\n<h3>T\u00e9moignages\u00a0:<\/h3>\n<p><em>Cours exceptionnel car il est possible de le faire si on est un enfant, un ado, un adulte ou si on est d\u00e9j\u00e0 \u00e2g\u00e9. Non seulement c&rsquo;est accessible, mais tout le monde y trouve du plaisir, travaille aussi sur son corps de mani\u00e8re adapt\u00e9e \u00e0 ses propres besoins. Mais le.plus beau, c&rsquo;est l&rsquo;\u00e9change interg\u00e9n\u00e9rationnel et simplement la rencontre avec quelqu&rsquo;un qu&rsquo;on ne conna\u00eet pas mais \u00e0 qui on va vite faire confiance, ce sera une rencontre sans se soucier de trouver les mots ou les sujets de conversation.<\/em><br \/>\n<em> Au niveau du yoga, un \u00e9chauffement complet, relaxant puis tonique, qui permet de se renforcer surtout au niveau du gainage. Les exercices pour commencer sont ludiques et le temps file tellement on rigole. Puis on passe aux bases de l&rsquo;acro, on s&rsquo;essaye avec des poids plus ou moins l\u00e9gers, les enfants, oiseaux libres ou feuilles mortes, sont un plaisir \u00e0 faire voler. A la fin, on comprend pourquoi on dit merci!<br \/>\n<\/em>Sandra, 30 ans<\/p>\n<p><em>On apprend beaucoup sur soi, sur les autres. A l\u00e2cher prise, \u00e0 faire confiance \u00e0 des inconnus. C&rsquo;est un \u00e9change d&rsquo;\u00e9nergie incroyable ou l\u2019on donne et l\u2019on re\u00e7oit en permanence. J&rsquo;ai vraiment aim\u00e9, c\u2019\u00e9tait une apr\u00e8s-midi magnifique\u00a0! L\u2019AcroYoga englobe \u00e0 la fois le c\u00f4t\u00e9 yoga tr\u00e8s doux, dans la respiration voire l&rsquo;introspection et le c\u00f4t\u00e9 acrobatique ou l\u2019on peut justement \u00e9changer avec quelqu&rsquo;un et se d\u00e9penser physiquement. Encore milles merci de cette d\u00e9couverte, j\u2019ai eu beaucoup de plaisir \u00e0 d\u00e9couvrir cette discipline dans la yourte\u00a0! Carole y met une belle \u00e9nergie\u00a0! <\/em><a name=\"_GoBack\"><\/a>Caelia 22 ans<\/p>\n<p><em>Avec l&rsquo;AcroYoga, j&rsquo;ai ressenti que mon corps pouvait mettre en \u0153uvre beaucoup de force physique encore insoup\u00e7onn\u00e9e jusque-l\u00e0.<br \/>\nLe fait de partager avec des inconnus, m&rsquo;a permis de m&rsquo;ouvrir \u00e0 faire confiance sans me poser de questions.\u00a0<\/em>Barbara, 39 ans<\/p>\n<p><em>Un chouette moment \u00e0 la recherche de l&rsquo;\u00e9quilibre et de la centration \u00e0 deux ou \u00e0 plusieurs. Un cours ludique et enseign\u00e9 dans la bonne humeur \u00e0 partager de mani\u00e8re interg\u00e9n\u00e9rationnelle.<\/em> Marie-Ga\u00eblle, 32 ans<\/p>\n<p><em>Un cours int\u00e9ressant qui fait du bien\u00a0! Venant du monde du cirque cela m\u2019a beaucoup aid\u00e9 de comprendre les fondements d\u2019une base solide avec l&rsquo;autre afin de trouver un \u00e9quilibre stable. Une belle dynamique de partage. Un cours bien construit ou l\u2019on stimule ses muscles et sa flexibilit\u00e9 avant d\u2019effectuer des postures \u00e0 deux, ce qui nous permet ensuite de bien se concentrer sur le mouvement suivant et de mieux comprendre ce qu&rsquo;on doit activer lors de la figure. <\/em>Lucie 22 ans<\/p>\n<p><span style=\"border-radius: 2px; text-indent: 20px; width: auto; padding: 0px 4px 0px 0px; text-align: center; font: bold 11px\/20px 'Helvetica Neue',Helvetica,sans-serif; color: #ffffff; background: #bd081c no-repeat scroll 3px 50% \/ 14px 14px; position: absolute; opacity: 1; z-index: 8675309; display: none; cursor: pointer; top: 1970px; left: 113px;\">Enregistrer<\/span><\/p>\n","protected":false},"excerpt":{"rendered":"<p>&nbsp; &nbsp; &nbsp; &nbsp; \u00a0 \u00catre pr\u00e9sent dans le moment\u2026 En \u00e9quilibre avec un\/e partenaire\u2026 Voil\u00e0 l\u2019essence de l\u2019AcroYoga\u00a0! &nbsp; Fraichement certifi\u00e9e \u00e0 l&rsquo;AcroYoga Montr\u00e9al, je suis heureuse d\u2019animer des ateliers d\u2019introduction \u00e0 l\u2019AcroYoga. Venez d\u00e9couvrir l\u2019AcroYoga seul\/e, avec un\/e ami\/e, ses enfants ou son filleul. Une pratique amusante, passionnante, inspirante et pleine de respect. [&hellip;]<\/p>\n","protected":false},"author":1,"featured_media":0,"parent":0,"menu_order":0,"comment_status":"closed","ping_status":"closed","template":"","meta":[],"_links":{"self":[{"href":"https:\/\/old.yourteprevert.info\/index.php\/wp-json\/wp\/v2\/pages\/442"}],"collection":[{"href":"https:\/\/old.yourteprevert.info\/index.php\/wp-json\/wp\/v2\/pages"}],"about":[{"href":"https:\/\/old.yourteprevert.info\/index.php\/wp-json\/wp\/v2\/types\/page"}],"author":[{"embeddable":true,"href":"https:\/\/old.yourteprevert.info\/index.php\/wp-json\/wp\/v2\/users\/1"}],"replies":[{"embeddable":true,"href":"https:\/\/old.yourteprevert.info\/index.php\/wp-json\/wp\/v2\/comments?post=442"}],"version-history":[{"count":99,"href":"https:\/\/old.yourteprevert.info\/index.php\/wp-json\/wp\/v2\/pages\/442\/revisions"}],"predecessor-version":[{"id":1059,"href":"https:\/\/old.yourteprevert.info\/index.php\/wp-json\/wp\/v2\/pages\/442\/revisions\/1059"}],"wp:attachment":[{"href":"https:\/\/old.yourteprevert.info\/index.php\/wp-json\/wp\/v2\/media?parent=442"}],"curies":[{"name":"wp","href":"https:\/\/api.w.org\/{rel}","templated":true}]}}