{"id":33,"date":"2017-03-12T20:51:27","date_gmt":"2017-03-12T19:51:27","guid":{"rendered":"http:\/\/yourteprevert.info\/?page_id=33"},"modified":"2017-11-09T15:53:38","modified_gmt":"2017-11-09T14:53:38","slug":"reiki","status":"publish","type":"page","link":"https:\/\/old.yourteprevert.info\/index.php\/reiki\/","title":{"rendered":"Reiki"},"content":{"rendered":"<p>&nbsp;<\/p>\n<p>&nbsp;<\/p>\n<p><a href=\"https:\/\/yourteprevert.ch\/wp-content\/uploads\/2017\/03\/carole-52.jpg\"><img decoding=\"async\" loading=\"lazy\" class=\"aligncenter wp-image-140\" src=\"https:\/\/yourteprevert.ch\/wp-content\/uploads\/2017\/03\/carole-52-300x200.jpg\" alt=\"\" width=\"599\" height=\"400\" srcset=\"https:\/\/old.yourteprevert.info\/wp-content\/uploads\/2017\/03\/carole-52-300x200.jpg 300w, https:\/\/old.yourteprevert.info\/wp-content\/uploads\/2017\/03\/carole-52-768x513.jpg 768w, https:\/\/old.yourteprevert.info\/wp-content\/uploads\/2017\/03\/carole-52-1024x683.jpg 1024w\" sizes=\"(max-width: 599px) 100vw, 599px\" \/><\/a><\/p>\n<p>&nbsp;<\/p>\n<p>&nbsp;<\/p>\n<p>&nbsp;<\/p>\n<p><img decoding=\"async\" loading=\"lazy\" class=\"alignleft wp-image-299\" src=\"https:\/\/yourteprevert.ch\/wp-content\/uploads\/2017\/03\/Reiki1.png\" alt=\"\" width=\"136\" height=\"246\" \/><\/p>\n<h2><span style=\"font-family: Tahoma,serif;\"><span style=\"font-size: medium;\"><img decoding=\"async\" loading=\"lazy\" class=\"alignright wp-image-300\" src=\"https:\/\/yourteprevert.ch\/wp-content\/uploads\/2017\/03\/Reiki2.jpg\" alt=\"\" width=\"171\" height=\"246\" \/><\/span><\/span><\/h2>\n<p><span style=\"font-family: Tahoma,serif;\"><span style=\"font-size: medium;\"><strong>Reiki<\/strong> (compos\u00e9 des mots <\/span><\/span><span style=\"font-family: Tahoma,serif;\"><span style=\"font-size: medium;\"><i>\u00ab\u00a0Rei\u00a0\u00bb<\/i><\/span><\/span><span style=\"font-family: Tahoma,serif;\"><span style=\"font-size: medium;\"> repr\u00e9sentant l&rsquo;essence de la source existant en toute chose et <\/span><\/span><span style=\"font-family: Tahoma,serif;\"><span style=\"font-size: medium;\"><i>\u00ab\u00a0Ki\u00a0\u00bb<\/i><\/span><\/span><span style=\"font-family: Tahoma,serif;\"><span style=\"font-size: medium;\"> signifiant \u00e9nergie vitale) est une approche de soin compl\u00e9mentaire bas\u00e9e sur l\u2019\u00e9nergie de vie connue depuis des si\u00e8cles et retrouv\u00e9e par Mikao Usui. <\/span><\/span><\/p>\n<p><span style=\"font-family: Tahoma,serif;\"><span style=\"font-size: medium;\">Il a pour but de <\/span><\/span><span style=\"font-family: Tahoma,serif;\"><span style=\"font-size: medium;\"><b>dissiper les n\u0153uds \u00e9nerg\u00e9tiques<\/b><\/span><\/span><span style=\"font-family: Tahoma,serif;\"><span style=\"font-size: medium;\"> \u00e0 l\u2019origine de nos blocages, nos angoisses ou nos douleurs physiques.<\/span><\/span><\/p>\n<div style=\"clear: both; height: 50px;\"><\/div>\n<h2>Quels sont ses effets ?<\/h2>\n<p><span style=\"font-family: Tahoma,serif;\"><span style=\"font-size: medium;\">Les effets d\u2019une s\u00e9ance peuvent \u00eatre per\u00e7us comme une m\u00e9ditation ou profonde relaxation. Un soin <\/span><\/span><span style=\"font-family: Tahoma,serif;\"><span style=\"font-size: medium;\">ressource, d\u00e9tend, purifie, <\/span><\/span><span style=\"font-family: Tahoma,serif;\"><span style=\"font-size: medium;\"><b>soulage et r\u00e9-harmonise le corps <\/b><\/span><\/span><span style=\"font-family: Tahoma,serif;\"><span style=\"font-size: medium;\">et revitalise<\/span><\/span><b> <\/b><span style=\"font-family: Tahoma,serif;\"><span style=\"font-size: medium;\">\u00e0 tous les niveaux\u00a0: physique, \u00e9motionnel et mental.<\/span><\/span><\/p>\n<p><span style=\"font-family: Times New Roman,serif;\"><span style=\"font-size: medium;\"><span style=\"font-family: Tahoma,serif;\">Le Reiki n&rsquo;\u00e9radique pas directement les sympt\u00f4mes physiques, mais lib\u00e8re les causes originelles des blocages, douleurs ou maladies. Le Reiki ne remplace en aucun cas un <\/span><span style=\"font-family: Tahoma,serif;\"><u>traitement m\u00e9dical<\/u><\/span><span style=\"font-family: Tahoma,serif;\">, mais il est susceptible toutefois de le renforcer. <\/span><\/span><\/span><\/p>\n<ul>\n<li><span style=\"font-family: Times New Roman,serif;\"><span style=\"font-size: medium;\"><span style=\"font-family: Tahoma,serif;\">renforce le syst\u00e8me immunitaire<\/span><\/span><\/span><\/li>\n<li><span style=\"font-family: Times New Roman,serif;\"><span style=\"font-size: medium;\"><span style=\"font-family: Tahoma,serif;\">att\u00e9nue la douleur<\/span><\/span><\/span><\/li>\n<li><span style=\"font-family: Times New Roman,serif;\"><span style=\"font-size: medium;\"><span style=\"font-family: Tahoma,serif;\">renforce les facult\u00e9s de r\u00e9cup\u00e9ration apr\u00e8s un traumatisme ou un deuil<\/span><\/span><\/span><\/li>\n<li><span style=\"font-family: Times New Roman,serif;\"><span style=\"font-size: medium;\"><span style=\"font-family: Tahoma,serif;\">\u00e9limine les toxines du corps en <\/span><\/span><\/span><\/li>\n<li><span style=\"font-family: Times New Roman,serif;\"><span style=\"font-size: medium;\"><span style=\"font-family: Tahoma,serif;\">stimule les processus d\u2019autor\u00e9gulation et d\u2019auto-gu\u00e9rison de l\u2019organisme<\/span><\/span><\/span><\/li>\n<li><span style=\"font-family: Times New Roman,serif;\"><span style=\"font-size: medium;\"><span style=\"font-family: Tahoma,serif;\">r\u00e9duit le stress, calme et d\u00e9tend profond\u00e9ment<\/span><\/span><\/span><\/li>\n<li><span style=\"font-family: Times New Roman,serif;\"><span style=\"font-size: medium;\"><span style=\"font-family: Tahoma,serif;\">procure la paix, la joie et s\u00e9r\u00e9nit\u00e9<\/span><\/span><\/span><\/li>\n<\/ul>\n<p><span style=\"font-family: Times New Roman,serif;\"><span style=\"font-size: medium;\"><span style=\"font-family: Tahoma,serif;\">Le Reiki est sans effets secondaires connus. <\/span><\/span><\/span><\/p>\n<h2>Comment se d\u00e9roule une s\u00e9ance ?<\/h2>\n<p><span style=\"font-family: Tahoma,serif;\"><span style=\"font-size: medium;\">Le donneur (le pratiquant en Reiki) est un canal et <\/span><\/span><span style=\"font-family: Tahoma,serif;\"><span style=\"font-size: medium;\"><b>ne pratique aucune manipulation physique<\/b><\/span><\/span><span style=\"font-family: Tahoma,serif;\"><span style=\"font-size: medium;\">. Il laisse simplement circuler l&rsquo;\u00e9nergie qui purifie et harmonise le receveur \u00e0 tous les niveaux de son \u00eatre. L&rsquo;\u00e9nergie se dirige d&rsquo;elle-m\u00eame vers les zones qui en ont besoin pour r\u00e9-harmoniser et revitaliser la personne.<\/span><\/span><\/p>\n<p><span style=\"font-family: Tahoma,serif;\"><span style=\"font-size: medium;\">Il se pratique couch\u00e9 ou assis, habill\u00e9, par simple apposition des mains sur les zones \u00e0 traiter.<\/span><\/span><\/p>\n<p>&nbsp;<\/p>\n<h2>A qui s\u2019adresse-t-il\u00a0?<\/h2>\n<p><span style=\"font-family: Tahoma,serif;\"><span style=\"font-size: medium;\">Une s\u00e9ance de Reiki peut \u00eatre dispens\u00e9e \u00e0 tout ce qui vit.<\/span><\/span><\/p>\n<p><span style=\"font-family: Tahoma,serif;\"><span style=\"font-size: medium;\">Tout monde peut en b\u00e9n\u00e9ficier\u00a0: adultes, enfants, enfants ayant un trouble autistique ou d\u2019hyperactivit\u00e9, femmes enceintes (b\u00e9n\u00e9fique pour l&rsquo;enfant pendant la grossesse), nouveau-n\u00e9s, personnes \u00e2g\u00e9es, atteintes ou non dans leur sant\u00e9. Il convient aussi pour l\u2019accompagnement de personnes en fin de vie ou en deuil.<\/span><\/span><\/p>\n<p><span style=\"color: #000000;\"><span style=\"font-family: Tahoma,serif;\"><span style=\"font-size: medium;\">Vous trouverez sur <a href=\"https:\/\/reiki-formation.ch\/enfants.html\" target=\"_blank\" rel=\"noopener noreferrer\">cette page<\/a><\/span><\/span><\/span> <span style=\"color: #000000;\"><span style=\"font-family: Tahoma,serif;\"><span style=\"font-size: medium;\">un petit descriptif des bienfaits du Reiki sur les <\/span><\/span><\/span><span style=\"color: #000000;\"><span style=\"font-family: Tahoma,serif;\"><span style=\"font-size: medium;\"><b>enfants et adolescents.<\/b><\/span><\/span><\/span><\/p>\n<p><span style=\"font-family: Tahoma,serif;\"><span style=\"font-size: medium;\">Le Reiki peut \u00e9galement \u00eatre pratiqu\u00e9 sur les animaux, sur les plantes et sur l\u2019eau.<\/span><\/span><\/p>\n<p><span style=\"font-family: Tahoma,serif;\"><span style=\"font-size: medium;\">Le Reiki n\u2019est li\u00e9 \u00e0 aucune croyance, ni religion, mais uniquement au grand respect de la personne dans sa totalit\u00e9.<\/span><\/span><\/p>\n","protected":false},"excerpt":{"rendered":"<p>&nbsp; &nbsp; &nbsp; &nbsp; &nbsp; Reiki (compos\u00e9 des mots \u00ab\u00a0Rei\u00a0\u00bb repr\u00e9sentant l&rsquo;essence de la source existant en toute chose et \u00ab\u00a0Ki\u00a0\u00bb signifiant \u00e9nergie vitale) est une approche de soin compl\u00e9mentaire bas\u00e9e sur l\u2019\u00e9nergie de vie connue depuis des si\u00e8cles et retrouv\u00e9e par Mikao Usui. Il a pour but de dissiper les n\u0153uds \u00e9nerg\u00e9tiques \u00e0 l\u2019origine [&hellip;]<\/p>\n","protected":false},"author":1,"featured_media":0,"parent":0,"menu_order":0,"comment_status":"closed","ping_status":"closed","template":"","meta":[],"_links":{"self":[{"href":"https:\/\/old.yourteprevert.info\/index.php\/wp-json\/wp\/v2\/pages\/33"}],"collection":[{"href":"https:\/\/old.yourteprevert.info\/index.php\/wp-json\/wp\/v2\/pages"}],"about":[{"href":"https:\/\/old.yourteprevert.info\/index.php\/wp-json\/wp\/v2\/types\/page"}],"author":[{"embeddable":true,"href":"https:\/\/old.yourteprevert.info\/index.php\/wp-json\/wp\/v2\/users\/1"}],"replies":[{"embeddable":true,"href":"https:\/\/old.yourteprevert.info\/index.php\/wp-json\/wp\/v2\/comments?post=33"}],"version-history":[{"count":48,"href":"https:\/\/old.yourteprevert.info\/index.php\/wp-json\/wp\/v2\/pages\/33\/revisions"}],"predecessor-version":[{"id":972,"href":"https:\/\/old.yourteprevert.info\/index.php\/wp-json\/wp\/v2\/pages\/33\/revisions\/972"}],"wp:attachment":[{"href":"https:\/\/old.yourteprevert.info\/index.php\/wp-json\/wp\/v2\/media?parent=33"}],"curies":[{"name":"wp","href":"https:\/\/api.w.org\/{rel}","templated":true}]}}