{"id":31,"date":"2017-03-12T20:51:18","date_gmt":"2017-03-12T19:51:18","guid":{"rendered":"http:\/\/yourteprevert.info\/?page_id=31"},"modified":"2020-11-27T15:20:13","modified_gmt":"2020-11-27T14:20:13","slug":"mebp","status":"publish","type":"page","link":"https:\/\/old.yourteprevert.info\/index.php\/mebp\/","title":{"rendered":"MEBP"},"content":{"rendered":"<p>&nbsp;<\/p>\n<p>&nbsp;<\/p>\n<p><a href=\"https:\/\/yourteprevert.ch\/wp-content\/uploads\/2017\/03\/carole-8.jpg\"><img decoding=\"async\" loading=\"lazy\" class=\"aligncenter wp-image-416\" src=\"https:\/\/yourteprevert.ch\/wp-content\/uploads\/2017\/03\/carole-8-300x200.jpg\" alt=\"\" width=\"599\" height=\"400\" srcset=\"https:\/\/old.yourteprevert.info\/wp-content\/uploads\/2017\/03\/carole-8-300x200.jpg 300w, https:\/\/old.yourteprevert.info\/wp-content\/uploads\/2017\/03\/carole-8-768x513.jpg 768w, https:\/\/old.yourteprevert.info\/wp-content\/uploads\/2017\/03\/carole-8-1024x683.jpg 1024w\" sizes=\"(max-width: 599px) 100vw, 599px\" \/><\/a><\/p>\n<p>&nbsp;<\/p>\n<p>&nbsp;<\/p>\n<p>&nbsp;<\/p>\n<h2>Qu&rsquo;est-ce que c&rsquo;est ?<\/h2>\n<p><strong>Technique MEBP<sup>\u00ae<\/sup><\/strong>, massage pour enfants \u00e0 besoins particuliers (Autisme, TDAH, Anxi\u00e9t\u00e9)<br \/>\ncr\u00e9\u00e9e par la canadienne\u00a0M\u00e9lissa Boulanger.<\/p>\n<p>Cette technique stimule le<strong> syst\u00e8me proprioceptif, <\/strong>ce qui am\u00e8ne plusieurs <strong>bienfaits<\/strong>.<\/p>\n<p>Import\u00e9e pour la premi\u00e8re fois en Suisse, en 2017.<\/p>\n<p>En Europe, je suis la premi\u00e8re massoth\u00e9rapeute certifi\u00e9e dans cette technique.<\/p>\n<h2>Quels sont ses effets ?<\/h2>\n<ul>\n<li>Aide \u00e0 avoir une <strong>meilleure conscience de son corps<\/strong><\/li>\n<li>Apporte un \u00e9tat de <strong>calme<\/strong><\/li>\n<li>Aide \u00e0 la <strong>r\u00e9gulation du comportement et des \u00e9motions<\/strong><\/li>\n<li>Rend moins r\u00e9actif aux diff\u00e9rents <strong>stimuli sensoriels<\/strong><\/li>\n<li>Am\u00e9liore la <strong>qualit\u00e9 du sommeil <\/strong><\/li>\n<li>Augmente la <strong>tol\u00e9rance au toucher<\/strong><\/li>\n<li>Diminue les comportements d\u2019<strong>auto-stimulation<\/strong><\/li>\n<\/ul>\n<h2>Comment se d\u00e9roule une s\u00e9ance ?<\/h2>\n<p>La <strong>Technique MEBP<sup>\u00ae<\/sup> <\/strong> se donne <strong>au sol<\/strong>, sur un futon et <strong> par-dessus les habits<\/strong>. Le futon r\u00e9duit la gestion de l\u2019espace et le danger de la hauteur, Il favorise un lien, une proximit\u00e9 entre le praticien et la personne qui re\u00e7oit, qui est libre de tout mouvement.<\/p>\n<p>Site officiel : <a href=\"https:\/\/www.techniquemebp.com\/\" target=\"_blank\" rel=\"noopener noreferrer\">https:\/\/www.techniquemebp.com\/<\/a><\/p>\n<h2>Tarifs<\/h2>\n<p>30 min\/50.-<\/p>\n<p>4o min\/65.-<\/p>\n<p>3 massages d\u00e9couverte : 30min\/120.-<\/p>\n<p style=\"margin: 0cm; margin-bottom: .0001pt;\">IBAN CH 64 0900 0000 17104830 9<\/p>\n<p>&nbsp;<\/p>\n","protected":false},"excerpt":{"rendered":"<p>&nbsp; &nbsp; &nbsp; &nbsp; &nbsp; Qu&rsquo;est-ce que c&rsquo;est ? Technique MEBP\u00ae, massage pour enfants \u00e0 besoins particuliers (Autisme, TDAH, Anxi\u00e9t\u00e9) cr\u00e9\u00e9e par la canadienne\u00a0M\u00e9lissa Boulanger. Cette technique stimule le syst\u00e8me proprioceptif, ce qui am\u00e8ne plusieurs bienfaits. Import\u00e9e pour la premi\u00e8re fois en Suisse, en 2017. En Europe, je suis la premi\u00e8re massoth\u00e9rapeute certifi\u00e9e dans cette [&hellip;]<\/p>\n","protected":false},"author":1,"featured_media":0,"parent":0,"menu_order":0,"comment_status":"closed","ping_status":"closed","template":"","meta":[],"_links":{"self":[{"href":"https:\/\/old.yourteprevert.info\/index.php\/wp-json\/wp\/v2\/pages\/31"}],"collection":[{"href":"https:\/\/old.yourteprevert.info\/index.php\/wp-json\/wp\/v2\/pages"}],"about":[{"href":"https:\/\/old.yourteprevert.info\/index.php\/wp-json\/wp\/v2\/types\/page"}],"author":[{"embeddable":true,"href":"https:\/\/old.yourteprevert.info\/index.php\/wp-json\/wp\/v2\/users\/1"}],"replies":[{"embeddable":true,"href":"https:\/\/old.yourteprevert.info\/index.php\/wp-json\/wp\/v2\/comments?post=31"}],"version-history":[{"count":30,"href":"https:\/\/old.yourteprevert.info\/index.php\/wp-json\/wp\/v2\/pages\/31\/revisions"}],"predecessor-version":[{"id":1220,"href":"https:\/\/old.yourteprevert.info\/index.php\/wp-json\/wp\/v2\/pages\/31\/revisions\/1220"}],"wp:attachment":[{"href":"https:\/\/old.yourteprevert.info\/index.php\/wp-json\/wp\/v2\/media?parent=31"}],"curies":[{"name":"wp","href":"https:\/\/api.w.org\/{rel}","templated":true}]}}