{"id":29,"date":"2017-03-12T20:51:09","date_gmt":"2017-03-12T19:51:09","guid":{"rendered":"http:\/\/yourteprevert.info\/?page_id=29"},"modified":"2017-11-09T15:53:55","modified_gmt":"2017-11-09T14:53:55","slug":"shiatsu","status":"publish","type":"page","link":"https:\/\/old.yourteprevert.info\/index.php\/shiatsu\/","title":{"rendered":"Shiatsu"},"content":{"rendered":"<p>&nbsp;<\/p>\n<p>&nbsp;<\/p>\n<p><a href=\"https:\/\/yourteprevert.ch\/wp-content\/uploads\/2017\/03\/carole-36-1.jpg\"><img decoding=\"async\" loading=\"lazy\" class=\"aligncenter wp-image-408\" src=\"https:\/\/yourteprevert.ch\/wp-content\/uploads\/2017\/03\/carole-36-1-300x200.jpg\" alt=\"\" width=\"599\" height=\"400\" srcset=\"https:\/\/old.yourteprevert.info\/wp-content\/uploads\/2017\/03\/carole-36-1-300x200.jpg 300w, https:\/\/old.yourteprevert.info\/wp-content\/uploads\/2017\/03\/carole-36-1-768x512.jpg 768w, https:\/\/old.yourteprevert.info\/wp-content\/uploads\/2017\/03\/carole-36-1-1024x683.jpg 1024w\" sizes=\"(max-width: 599px) 100vw, 599px\" \/><\/a><\/p>\n<p>&nbsp;<\/p>\n<p>&nbsp;<\/p>\n<p>&nbsp;<\/p>\n<h2>Qu\u2019est-ce que c\u2019est\u00a0?<\/h2>\n<p><strong>Shiatsu<\/strong> est une ancienne m\u00e9thode de massage d\u2019origine japonaise bas\u00e9e sur la m\u00e9decine traditionnelle chinoise tenant compte de la globalit\u00e9 de la personne.<\/p>\n<h2>Quels sont ses effets ?<\/h2>\n<p>En favorisant la libre circulation de l&rsquo;\u00e9nergie existante au sein de la personne \u00ab\u00a0chi\u00a0\u00bb ou \u00ab\u00a0Ki ou Qi), le Shiatsu aide \u00e0 <strong>r\u00e9tablir un bon \u00e9quilibre naturel des fonctions physiologiques, \u00e9nerg\u00e9tiques et psychiques en soutenant les capacit\u00e9s naturelles d&rsquo;auto-gu\u00e9rison<\/strong> et peut \u00e9galement permettre de corriger d\u2019\u00e9ventuels dysfonctionnements.<\/p>\n<p>Le Shiatsu est un massage de bien-\u00eatre qui apporte un <strong>soulagement des douleurs<\/strong> (dos, nuque, migraine). Il aide \u00e0 <strong>retrouver le calme<\/strong>, le sommeil. Il favorise la r\u00e9sorption des contractures musculaires et articulaires et permet d\u2019\u00eatre moins vuln\u00e9rable aux \u00e9l\u00e9ments de stress environnants.<\/p>\n<h2>Comment se d\u00e9roule une s\u00e9ance ?<\/h2>\n<p>Le receveur de la pratique du Shiatsu <strong>est v\u00eatu de v\u00eatements l\u00e9gers (si possible naturel) et confortables, et est allong\u00e9 sur un tapis ou futon \u00e0 m\u00eame le sol<\/strong>.<\/p>\n<p>La pratique consiste en des <strong>pressions rythm\u00e9es et changeantes des pouces et des paumes des mains sur les trajets \u00e9nerg\u00e9tiques reli\u00e9s aux organes et appel\u00e9s m\u00e9ridiens<\/strong>.<\/p>\n<h2>Pour qui\u00a0?<\/h2>\n<p>Pour les adultes et enfants.<\/p>\n<p>Il n\u2019est pas n\u00e9cessaire d\u2019\u00eatre affect\u00e9 dans sa sant\u00e9 pour recevoir un massage Shiatsu car cette pratique, visant \u00e0 une circulation harmonieuse de l\u2019\u00e9nergie, met \u00e9galement l\u2019accent sur la pr\u00e9vention. Une circulation harmonieuse de l\u2019\u00e9nergie, apportant d\u00e9tente physique et mentale, est un facteur de bonne sant\u00e9.<\/p>\n<p>&nbsp;<\/p>\n","protected":false},"excerpt":{"rendered":"<p>&nbsp; &nbsp; &nbsp; &nbsp; &nbsp; Qu\u2019est-ce que c\u2019est\u00a0? Shiatsu est une ancienne m\u00e9thode de massage d\u2019origine japonaise bas\u00e9e sur la m\u00e9decine traditionnelle chinoise tenant compte de la globalit\u00e9 de la personne. Quels sont ses effets ? En favorisant la libre circulation de l&rsquo;\u00e9nergie existante au sein de la personne \u00ab\u00a0chi\u00a0\u00bb ou \u00ab\u00a0Ki ou Qi), le [&hellip;]<\/p>\n","protected":false},"author":1,"featured_media":0,"parent":0,"menu_order":0,"comment_status":"closed","ping_status":"closed","template":"","meta":[],"_links":{"self":[{"href":"https:\/\/old.yourteprevert.info\/index.php\/wp-json\/wp\/v2\/pages\/29"}],"collection":[{"href":"https:\/\/old.yourteprevert.info\/index.php\/wp-json\/wp\/v2\/pages"}],"about":[{"href":"https:\/\/old.yourteprevert.info\/index.php\/wp-json\/wp\/v2\/types\/page"}],"author":[{"embeddable":true,"href":"https:\/\/old.yourteprevert.info\/index.php\/wp-json\/wp\/v2\/users\/1"}],"replies":[{"embeddable":true,"href":"https:\/\/old.yourteprevert.info\/index.php\/wp-json\/wp\/v2\/comments?post=29"}],"version-history":[{"count":15,"href":"https:\/\/old.yourteprevert.info\/index.php\/wp-json\/wp\/v2\/pages\/29\/revisions"}],"predecessor-version":[{"id":973,"href":"https:\/\/old.yourteprevert.info\/index.php\/wp-json\/wp\/v2\/pages\/29\/revisions\/973"}],"wp:attachment":[{"href":"https:\/\/old.yourteprevert.info\/index.php\/wp-json\/wp\/v2\/media?parent=29"}],"curies":[{"name":"wp","href":"https:\/\/api.w.org\/{rel}","templated":true}]}}