{"id":27,"date":"2017-03-12T20:50:52","date_gmt":"2017-03-12T19:50:52","guid":{"rendered":"http:\/\/yourteprevert.info\/?page_id=27"},"modified":"2022-09-07T08:44:48","modified_gmt":"2022-09-07T06:44:48","slug":"massage-thai","status":"publish","type":"page","link":"https:\/\/old.yourteprevert.info\/index.php\/massage-thai\/","title":{"rendered":"Massage Tha\u00ef"},"content":{"rendered":"<h2><a href=\"https:\/\/yourteprevert.ch\/wp-content\/uploads\/2017\/03\/carole-42.jpg\"><img decoding=\"async\" loading=\"lazy\" class=\"aligncenter wp-image-171\" src=\"https:\/\/yourteprevert.ch\/wp-content\/uploads\/2017\/03\/carole-42-300x200.jpg\" alt=\"\" width=\"599\" height=\"400\" srcset=\"https:\/\/old.yourteprevert.info\/wp-content\/uploads\/2017\/03\/carole-42-300x200.jpg 300w, https:\/\/old.yourteprevert.info\/wp-content\/uploads\/2017\/03\/carole-42-768x513.jpg 768w, https:\/\/old.yourteprevert.info\/wp-content\/uploads\/2017\/03\/carole-42-1024x683.jpg 1024w\" sizes=\"(max-width: 599px) 100vw, 599px\" \/><\/a><\/h2>\n<h2>Qu\u2019est-ce que c\u2019est ?<\/h2>\n<p><strong>Massage tha\u00ef<\/strong> est un massage <strong>doux<\/strong>, effectu\u00e9 par-dessus les habits. On reconna\u00eet d\u00e9sormais ses <strong>vertus relaxantes<\/strong> et <strong>th\u00e9rapeutiques<\/strong>, permettant de soulager diff\u00e9rents types d\u2019affections.<\/p>\n<p>On peut le comparer \u00e0 une danse en mouvement, m\u00e9ditative et calme. Un nouvel art qui relie le corps et l\u2019esprit.<\/p>\n<h2>Comment se d\u00e9roule une s\u00e9ance ?<\/h2>\n<p>Le massage tha\u00ef se d\u00e9roule \u00e0 m\u00eame le sol sur un futon, par-dessus des habits amples, flexibles et confortables. Il consiste en diverses pressions, <strong>\u00e9tirements<\/strong> et <strong>mobilisations articulaires<\/strong>. La praticienne d\u00e9place son propre centre de gravit\u00e9 tout autour du receveur. Les pressions sont donn\u00e9es par les mains, les pouces, les genoux, les coudes, les pieds ou les avant-bras.<\/p>\n<h2>Quels sont ses effets ?<\/h2>\n<p>Le massage tha\u00ef est b\u00e9n\u00e9fique pour le corps, ayant une double action pr\u00e9ventive et th\u00e9rapeutique. Il est personnalis\u00e9 et adapt\u00e9 \u00e0 vos besoins. Ses effets sont les suivants :<\/p>\n<ul>\n<li>r\u00e9duit les tensions musculaires<\/li>\n<li>am\u00e9liore la circulation sanguine et lymphatique<\/li>\n<li>favorise la digestion<\/li>\n<li>stimule le syst\u00e8me nerveux<\/li>\n<li>augmente la capacit\u00e9 respiratoire<\/li>\n<li>r\u00e9g\u00e9n\u00e8re l\u2019ensemble des muscles<\/li>\n<li>procure un bien-\u00eatre et dissipe le stress<\/li>\n<li>soulage les tensions aux niveaux du dos<\/li>\n<li>soigne une grande vari\u00e9t\u00e9 de maux quotidiens (douleurs lombaires, insomnie, d\u00e9s\u00e9quilibres nerveux, etc.)<\/li>\n<\/ul>\n<h2 id=\"pourqui\">Pour qui ?<\/h2>\n<p>Adultes et \u2026enfants, qui en raffolent !<\/p>\n<h2>Prix<\/h2>\n<p>120.- sugg\u00e9r\u00e9s<\/p>\n<p>ou donation en conscience, responsabilit\u00e9 et respect<\/p>\n<p><a href=\"https:\/\/yourteprevert.ch\/wp-content\/uploads\/2017\/03\/carole-6.jpg\"><img decoding=\"async\" loading=\"lazy\" class=\"aligncenter wp-image-390 size-large\" src=\"https:\/\/yourteprevert.ch\/wp-content\/uploads\/2017\/03\/carole-6-1024x683.jpg\" alt=\"\" width=\"640\" height=\"427\" srcset=\"https:\/\/old.yourteprevert.info\/wp-content\/uploads\/2017\/03\/carole-6-1024x683.jpg 1024w, https:\/\/old.yourteprevert.info\/wp-content\/uploads\/2017\/03\/carole-6-300x200.jpg 300w, https:\/\/old.yourteprevert.info\/wp-content\/uploads\/2017\/03\/carole-6-768x513.jpg 768w\" sizes=\"(max-width: 640px) 100vw, 640px\" \/><\/a><\/p>\n<h2>T\u00e9moignages :<\/h2>\n<p><em>\u00ab Musicien de profession, je suis de par mon travail en position souvent statique. Cela occasionne parfois une faiblesse au niveau du bas du dos. C\u2019est pour cette raison que j\u2019ai suivi une s\u00e9ance chez Carole Collaud en massage tha\u00ef. J\u2019ai \u00e9t\u00e9 de suite enchant\u00e9 du r\u00e9sultat. Ma lombalgie a disparu les heures qui ont suivi la s\u00e9ance. Je suis reconnaissant aussi de la disponibilit\u00e9 de Carole Collaud pour m\u2019avoir fix\u00e9 rapidement un rendez-vous. \u00bb<\/em> Jean 32 ans<\/p>\n<p><em>\u00ab Gr\u00e2ce au massage tha\u00ef, j\u2019ai d\u00e9couvert une nouvelle fa\u00e7on de me relaxer, d\u2019apaiser mon corps et aussi mon esprit. Carole prend soin d\u2019adapter sa pratique \u00e0 la sensibilit\u00e9 de chacun. Tout en douceurs, elle nous conduit \u00e0 un l\u00e2cher-prise b\u00e9n\u00e9fique. Cela fait des effets sur le long terme, je ressors des s\u00e9ances avec une grande \u00e9nergie effective plusieurs jours apr\u00e8s. Une source de bien-\u00eatre, de tranquillit\u00e9 et de reconnexion \u00e0 recommander. \u00bb<\/em> Lucien 28 ans<\/p>\n<p><em>\u00ab C\u2019est un massage avec beaucoup de douceur, un rappel aux sensations de l&rsquo;enfance avec le rocking &#8211; le bercement&#8230;. s\u00e9curit\u00e9 et douceur. \u00bb<\/em> Soraya 44 ans<\/p>\n<p><em>\u00ab Un voyage de douce qui\u00e9tude.<\/em><br \/>\n<em>C&rsquo;est un massage de manipulation tr\u00e8s relaxant. Il faut savoir se laisser aller, s&rsquo;abandonner aux mains expertes de la th\u00e9rapeute. On est toujours tenu ou en contact, ce qui est rassurant, et les gestes sont doux tout en \u00e9tant s\u00fbrs et on sent la force de la personne qui nous donne ce massage. Le contact avec ses mains est sp\u00e9cial, quelque chose circule. Ce soin d\u00e9tend\u00a0 m\u00eame le cerveau, c&rsquo;est comme des tous petits chatouillements sous la boite cr\u00e2nienne. C&rsquo;est un d\u00e9lice et on en sort absolument relax\u00e9. Quel bonheur de pouvoir s\u2019endormir quelques minutes dans la s\u00e9r\u00e9nit\u00e9 et d\u00e9tente extr\u00eame. \u00bb<\/em> Sarah 30 ans<\/p>\n<p><em>\u00ab Sobald ich Carols Jurte betrete, kann ich einen Teil des stressigen Alltags hinter mir lassen. In dieser besonderen Atmosph\u00e4re f\u00e4llt es mir viel leichter mich zu entspannen und mich auf die \u00dcbungen zu konzentrieren.<\/em><br \/>\n<em>Da die Yogastunden in Kleingruppen stattfinden, beh\u00e4lt Carol den \u00dcberblick und kann unsere Stellungen korrigieren und f\u00fcr einzelne Personen so anpassen, dass sich alle wohl f\u00fchlen und auch Verletzte oder im Bewegungsapparat eingeschr\u00e4nkte Personen mitmachen k\u00f6nnen, was ich als relativ unbewegliche Person super finde.<\/em><br \/>\n<em>Ich besuche ausschliesslich das Abendyoga, das eher ruhig abl\u00e4uft und auch einen Teil Meditation miteinschliesst. Nichtsdestotrotz meldet sich am folgenden Tag stets der Muskelkater, was mir zeigt, dass die \u00dcbungen effektiv waren. Wenn ich regelm\u00e4ssig zum Yoga gehe, habe ich viel weniger R\u00fcckenschmerzen und f\u00fchle mich allgemein besser.\u00bb<\/em> Lotti, 28 Jahre Alt<\/p>\n<p><a href=\"https:\/\/yourteprevert.ch\/wp-content\/uploads\/2017\/03\/carole-45.jpg\"><img decoding=\"async\" loading=\"lazy\" class=\"aligncenter wp-image-175 size-large\" src=\"https:\/\/yourteprevert.ch\/wp-content\/uploads\/2017\/03\/carole-45-1024x683.jpg\" alt=\"\" width=\"640\" height=\"427\" srcset=\"https:\/\/old.yourteprevert.info\/wp-content\/uploads\/2017\/03\/carole-45-1024x683.jpg 1024w, https:\/\/old.yourteprevert.info\/wp-content\/uploads\/2017\/03\/carole-45-300x200.jpg 300w, https:\/\/old.yourteprevert.info\/wp-content\/uploads\/2017\/03\/carole-45-768x513.jpg 768w\" sizes=\"(max-width: 640px) 100vw, 640px\" \/><\/a><\/p>\n","protected":false},"excerpt":{"rendered":"<p>Qu\u2019est-ce que c\u2019est ? Massage tha\u00ef est un massage doux, effectu\u00e9 par-dessus les habits. On reconna\u00eet d\u00e9sormais ses vertus relaxantes et th\u00e9rapeutiques, permettant de soulager diff\u00e9rents types d\u2019affections. On peut le comparer \u00e0 une danse en mouvement, m\u00e9ditative et calme. Un nouvel art qui relie le corps et l\u2019esprit. Comment se d\u00e9roule une s\u00e9ance ? [&hellip;]<\/p>\n","protected":false},"author":1,"featured_media":0,"parent":0,"menu_order":0,"comment_status":"closed","ping_status":"closed","template":"","meta":[],"_links":{"self":[{"href":"https:\/\/old.yourteprevert.info\/index.php\/wp-json\/wp\/v2\/pages\/27"}],"collection":[{"href":"https:\/\/old.yourteprevert.info\/index.php\/wp-json\/wp\/v2\/pages"}],"about":[{"href":"https:\/\/old.yourteprevert.info\/index.php\/wp-json\/wp\/v2\/types\/page"}],"author":[{"embeddable":true,"href":"https:\/\/old.yourteprevert.info\/index.php\/wp-json\/wp\/v2\/users\/1"}],"replies":[{"embeddable":true,"href":"https:\/\/old.yourteprevert.info\/index.php\/wp-json\/wp\/v2\/comments?post=27"}],"version-history":[{"count":61,"href":"https:\/\/old.yourteprevert.info\/index.php\/wp-json\/wp\/v2\/pages\/27\/revisions"}],"predecessor-version":[{"id":1322,"href":"https:\/\/old.yourteprevert.info\/index.php\/wp-json\/wp\/v2\/pages\/27\/revisions\/1322"}],"wp:attachment":[{"href":"https:\/\/old.yourteprevert.info\/index.php\/wp-json\/wp\/v2\/media?parent=27"}],"curies":[{"name":"wp","href":"https:\/\/api.w.org\/{rel}","templated":true}]}}