{"id":25,"date":"2017-03-12T20:50:36","date_gmt":"2017-03-12T19:50:36","guid":{"rendered":"http:\/\/yourteprevert.info\/?page_id=25"},"modified":"2020-06-12T17:12:38","modified_gmt":"2020-06-12T15:12:38","slug":"sonotherapie","status":"publish","type":"page","link":"https:\/\/old.yourteprevert.info\/index.php\/sonotherapie\/","title":{"rendered":"Sonoth\u00e9rapie"},"content":{"rendered":"<p>&nbsp;<\/p>\n<p>&nbsp;<\/p>\n<p><a href=\"https:\/\/yourteprevert.ch\/wp-content\/uploads\/2017\/03\/Sonoth\u00e9rapie-1.jpg\"><img decoding=\"async\" loading=\"lazy\" class=\"aligncenter wp-image-378\" src=\"https:\/\/yourteprevert.ch\/wp-content\/uploads\/2017\/03\/Sonoth\u00e9rapie-1-300x152.jpg\" alt=\"\" width=\"891\" height=\"450\" srcset=\"https:\/\/old.yourteprevert.info\/wp-content\/uploads\/2017\/03\/Sonoth\u00e9rapie-1-300x152.jpg 300w, https:\/\/old.yourteprevert.info\/wp-content\/uploads\/2017\/03\/Sonoth\u00e9rapie-1-768x388.jpg 768w, https:\/\/old.yourteprevert.info\/wp-content\/uploads\/2017\/03\/Sonoth\u00e9rapie-1-1024x517.jpg 1024w\" sizes=\"(max-width: 891px) 100vw, 891px\" \/><\/a><\/p>\n<p>&nbsp;<\/p>\n<p>&nbsp;<\/p>\n<h2>Qu\u2019est-ce que c\u2019est\u00a0?<\/h2>\n<p>La <strong>sonoth\u00e9rapie<\/strong> est une pratique de th\u00e9rapie reli\u00e9e \u00e0 la musicoth\u00e9rapie, qui utilise les <strong>sons<\/strong>, les <strong>fr\u00e9quences<\/strong> et les <strong>vibrations<\/strong> gr\u00e2ce \u00e0 l&rsquo;usage de divers instruments. Pour ma part, j\u2019utilise ma fl\u00fbte traversi\u00e8re, des bols chantants, des<strong> diapasons th\u00e9rapeutiques<\/strong>, des carillons ainsi que divers instruments aux sonorit\u00e9s douces et inspirantes.<br \/>\nLa sonoth\u00e9rapie permet une harmonisation et un r\u00e9\u00e9quilibrage \u00e9nerg\u00e9tique. Elle favorise un v\u00e9ritable l\u00e2cher-prise et une relaxation profonde d\u2019o\u00f9 des r\u00e9sonances au niveau physique, mental et \u00e9motionnel.<\/p>\n<p>&nbsp;<\/p>\n<p><a href=\"https:\/\/yourteprevert.ch\/wp-content\/uploads\/2017\/03\/carole-21.jpg\"><img decoding=\"async\" loading=\"lazy\" class=\"aligncenter wp-image-396 size-large\" src=\"https:\/\/yourteprevert.ch\/wp-content\/uploads\/2017\/03\/carole-21-1024x683.jpg\" alt=\"\" width=\"640\" height=\"427\" srcset=\"https:\/\/old.yourteprevert.info\/wp-content\/uploads\/2017\/03\/carole-21-1024x683.jpg 1024w, https:\/\/old.yourteprevert.info\/wp-content\/uploads\/2017\/03\/carole-21-300x200.jpg 300w, https:\/\/old.yourteprevert.info\/wp-content\/uploads\/2017\/03\/carole-21-768x512.jpg 768w\" sizes=\"(max-width: 640px) 100vw, 640px\" \/><\/a><\/p>\n<p>&nbsp;<\/p>\n<h2>Comment \u00e7a fonctionne ?<\/h2>\n<p>Nous sommes constitu\u00e9s d\u2019environ 70% d\u2019eau. Durant ce qui se nomme un <strong>\u00ab\u00a0massage sonore\u00a0\u00bb,<\/strong> lorsque l\u2019on fait sonner un bol tib\u00e9tain, la puissance du son et des vibrations \u00e9mises par le bol se transmettent au corps entier, ce qui a pour effet d\u2019activer l\u2019eau dans le corps. Le son et les vibrations vont entrer en r\u00e9sonance avec notre \u00eatre tout entier. Gr\u00e2ce \u00e0 ces vibrations, le corps s\u2019\u00e9quilibre et s\u2019harmonise. Les vibrations vont se propager et r\u00e9aliser une sorte de massage interne \u00e0 travers la peau, les muscles, les fluides, les glandes, les os et les ligaments, jusqu\u2019\u00e0 chaque cellule de notre corps.<\/p>\n<p><strong>Les ondes \u00e9mises par le bol chantant, correspondent aux ondes alpha, produites par le cerveau humain \u00e0 l\u2019\u00e9tat de calme et de relaxation.<\/strong><\/p>\n<p>Les humains, tout au long de leur existence, ont toujours \u00e9t\u00e9 \u00e9merveill\u00e9s par les sons de la nature et des instruments et par tout ce qui pouvait \u00e9mettre de la musique, \u00e0 commencer par leur voix. Il y avait et il y a toujours, au-del\u00e0 de la beaut\u00e9 des sons, une dimension qui est \u00e9voqu\u00e9e en terme de magie des sons, parce qu\u2019ils nous touchent profond\u00e9ment.<\/p>\n<p>Imaginez-vous au d\u00e9part d\u2019un voyage&#8230; o\u00f9 ce sont les vibrations et les sons qui vont vous guider, vous emmener dans un \u00ab\u00a0espace\u00a0\u00bb permettant d\u2019atteindre une profonde relaxation. Vous \u00eates alors en \u00e9tat de m\u00e9ditation. Cet \u00e9tat permet \u00e0 vos corps physique, \u00e9motionnel et spirituel de se r\u00e9g\u00e9n\u00e9rer par eux-m\u00eames, toutes les cellules \u00e9tant en vibration. Les sons permettent une r\u00e9-harmonisation de nos corps subtils.<\/p>\n<p>Durant ce soin, selon vos besoins et vos attentes, les techniques \u00e9nerg\u00e9tiques comme la polarisation magn\u00e9tique, le code \u00e9nerg\u00e9tique ou la transe gu\u00e9rison y seront associ\u00e9es. Ensemble nous choisirons.<\/p>\n<p>&nbsp;<\/p>\n<p><a href=\"https:\/\/yourteprevert.ch\/wp-content\/uploads\/2017\/03\/carole-25.jpg\"><img decoding=\"async\" loading=\"lazy\" class=\"aligncenter wp-image-398 size-large\" src=\"https:\/\/yourteprevert.ch\/wp-content\/uploads\/2017\/03\/carole-25-1024x684.jpg\" alt=\"\" width=\"640\" height=\"428\" srcset=\"https:\/\/old.yourteprevert.info\/wp-content\/uploads\/2017\/03\/carole-25-1024x684.jpg 1024w, https:\/\/old.yourteprevert.info\/wp-content\/uploads\/2017\/03\/carole-25-300x200.jpg 300w, https:\/\/old.yourteprevert.info\/wp-content\/uploads\/2017\/03\/carole-25-768x513.jpg 768w\" sizes=\"(max-width: 640px) 100vw, 640px\" \/><\/a><\/p>\n<p>&nbsp;<\/p>\n<h2>Pour qui et pour quoi\u00a0?<\/h2>\n<p>Cette th\u00e9rapie peut \u00eatre simplement appr\u00e9ci\u00e9e comme soin pour soi, pour arr\u00eater le temps un instant et se retrouver. La sonoth\u00e9rapie dans une approche plus sp\u00e9cifique, est \u00e9galement utilis\u00e9e dans diff\u00e9rents situations\u00a0:<\/p>\n<p>Pour <strong>tous\u00a0<\/strong>:<\/p>\n<ul>\n<li>gestion du stress et les troubles du sommeil<\/li>\n<li>stimulation de l&rsquo;\u00e9nergie vitale<\/li>\n<li>renforcement du syst\u00e8me immunitaire<\/li>\n<li>harmonisation et la synchronisation des h\u00e9misph\u00e8res c\u00e9r\u00e9braux<\/li>\n<li>am\u00e9lioration des fonctions respiratoires et auditives (acouph\u00e8nes)<\/li>\n<li>action sur certaines douleurs ou maux psychosomatiques (migraine, asthme, allergies, etc.)<\/li>\n<li>restauration de l&rsquo;\u00e9quilibre, quand il y a eu un d\u00e9sordre physique ou psychique<\/li>\n<li>lors de douleurs physiques (maux de dos, fracture, etc.)<\/li>\n<li>lors de tensions nerveuses (stress, insomnie, d\u00e9pression, etc.)<\/li>\n<li>accompagnement des douleurs ost\u00e9o-articulaires<\/li>\n<li>accompagnement des grandes convalescences comme soutien du syst\u00e8me immunitaire pour une meilleure r\u00e9cup\u00e9ration de la vitalit\u00e9.<\/li>\n<li>Ou tout simplement pour soi, pour se faire du bien<\/li>\n<\/ul>\n<p>Pour l\u2019<strong>enfant\u00a0<\/strong>:<\/p>\n<ul>\n<li>accompagnement de l&rsquo;hyperactivit\u00e9<\/li>\n<li>gestion du stress<\/li>\n<li>troubles du sommeil et de l&rsquo;endormissement<\/li>\n<\/ul>\n<p>Pour les <strong>\u00e9tudiants\u00a0<\/strong>:<\/p>\n<ul>\n<li>aide \u00e0 la m\u00e9morisation<\/li>\n<li>pr\u00e9paration des examens et des entretiens<\/li>\n<\/ul>\n<p>Pour la <strong>femme enceinte<\/strong>\u00a0: (\u00e0 partir du 2\u00e8me trimestre)<\/p>\n<ul>\n<li>pour un meilleur contact avec soi et son enfant<\/li>\n<\/ul>\n<p>Pour personnes ayant des <strong>troubles de la m\u00e9moire<\/strong>\u00a0:<\/p>\n<ul>\n<li>lors de maladie d\u2019Alzheimer ou suite \u00e0 un AVC, traumatisme cr\u00e2niens<\/li>\n<li>accompagnement dans la r\u00e9cup\u00e9ration du syst\u00e8me nerveux \u00e0 la fois en le stimulant et en le soutenant<\/li>\n<\/ul>\n<p>Pour les personnes en <strong>fin de vie<\/strong>\u00a0:<\/p>\n<ul>\n<li>pour apaiser les souffrances et la peur de mourir<\/li>\n<\/ul>\n<p>&nbsp;<\/p>\n<h2>Prix<\/h2>\n<p>120.- sugg\u00e9r\u00e9s<br \/>\nou donation en conscience, responsabilit\u00e9 et respect<\/p>\n<p>300.- pour 3 s\u00e9ances<br \/>\n<a href=\"https:\/\/yourteprevert.ch\/wp-content\/uploads\/2017\/03\/carole-19.jpg\"><img decoding=\"async\" loading=\"lazy\" class=\"aligncenter wp-image-400 size-large\" src=\"https:\/\/yourteprevert.ch\/wp-content\/uploads\/2017\/03\/carole-19-1024x683.jpg\" alt=\"\" width=\"640\" height=\"427\" srcset=\"https:\/\/old.yourteprevert.info\/wp-content\/uploads\/2017\/03\/carole-19-1024x683.jpg 1024w, https:\/\/old.yourteprevert.info\/wp-content\/uploads\/2017\/03\/carole-19-300x200.jpg 300w, https:\/\/old.yourteprevert.info\/wp-content\/uploads\/2017\/03\/carole-19-768x513.jpg 768w\" sizes=\"(max-width: 640px) 100vw, 640px\" \/><\/a><\/p>\n<p>&nbsp;<\/p>\n<h2>T\u00e9moignages\u00a0:<\/h2>\n<p><em>\u00ab\u00a0Allong\u00e9e confortablement sur un futon, bien au chaud, je me suis tr\u00e8s vite d\u00e9tendue aux sons des bols tib\u00e9tains&#8230; Carole est tr\u00e8s douce et \u00e0 l&rsquo;\u00e9coute, elle m&rsquo;a plong\u00e9e dans un espace de bien-\u00eatre. Je suis th\u00e9rapeute en shiatsu et ce que je peux d\u00e9crire comme bienfaits du soin sont :<\/em><\/p>\n<ul>\n<li><em>La d\u00e9tente totale<\/em><\/li>\n<li><em>L&rsquo;harmonisation de ma propre vibration (j&rsquo;\u00e9tais enrhum\u00e9e depuis 3 sem et le lendemain du soin, mon rhum \u00e9tait enfin termin\u00e9)\u00a0\u00bb<\/em><\/li>\n<\/ul>\n<p>Patrizia Buscemi, 42 ans, Th\u00e9rapeute shiatsu<\/p>\n<p><em>\u00ab\u00a0Ce soin se fait sans contact direct. Les vibrations des diapasons et des bols r\u00e9sonnent dans notre corps (eau) et l&rsquo;effet est absolument \u00e9tonnant. J&rsquo;ai eu une sensation de pesanteur, d&rsquo;encrage extr\u00eame aux points o\u00f9 mon corps touchait le sol et en m\u00eame temps, beaucoup de l\u00e9g\u00e8ret\u00e9 dans le reste de min corps. Vers le milieu du soin, je me suis presque endormie, je suis \u00ab\u00a0partie\u00a0\u00bb et au r\u00e9veil, tout mon corps \u00e9tait tr\u00e8s l\u00e9ger, comme s&rsquo;il flottait. J&rsquo;\u00e9tais plus que d\u00e9tendue.\u00a0\u00bb <\/em>Sandrine 30 ans<\/p>\n<p><em>\u00ab\u00a0Une d\u00e9couverte des plus paisibles. Un moment de d\u00e9tente tr\u00e8s agr\u00e9able tout en sentant son corps se d\u00e9tendre et travailler. Chaque son, chaque vibration provoque une sensation enivrante. C\u2019est un moment qui permet une d\u00e9tente totale si on se laisse emporter par ces sensations. Apr\u00e8s le soin, si on se concentre sur son corps, on sent o\u00f9 le corps travaille. C\u2019est un soin fabuleux!\u00a0\u00bb <\/em>Lise 32 ans<\/p>\n<p><em>\u00ab\u00a0J&rsquo;ai ressenti un grand bien \u00eatre pendant la s\u00e9ance et les jours qui ont suivis. Un sentiment d&rsquo;alignement et de recentrage.\u00a0\u00bb <\/em>Manuel 43 ans<\/p>\n<p>&nbsp;<\/p>\n<p>&nbsp;<\/p>\n","protected":false},"excerpt":{"rendered":"<p>&nbsp; &nbsp; &nbsp; &nbsp; Qu\u2019est-ce que c\u2019est\u00a0? La sonoth\u00e9rapie est une pratique de th\u00e9rapie reli\u00e9e \u00e0 la musicoth\u00e9rapie, qui utilise les sons, les fr\u00e9quences et les vibrations gr\u00e2ce \u00e0 l&rsquo;usage de divers instruments. Pour ma part, j\u2019utilise ma fl\u00fbte traversi\u00e8re, des bols chantants, des diapasons th\u00e9rapeutiques, des carillons ainsi que divers instruments aux sonorit\u00e9s douces [&hellip;]<\/p>\n","protected":false},"author":1,"featured_media":0,"parent":0,"menu_order":0,"comment_status":"closed","ping_status":"closed","template":"","meta":[],"_links":{"self":[{"href":"https:\/\/old.yourteprevert.info\/index.php\/wp-json\/wp\/v2\/pages\/25"}],"collection":[{"href":"https:\/\/old.yourteprevert.info\/index.php\/wp-json\/wp\/v2\/pages"}],"about":[{"href":"https:\/\/old.yourteprevert.info\/index.php\/wp-json\/wp\/v2\/types\/page"}],"author":[{"embeddable":true,"href":"https:\/\/old.yourteprevert.info\/index.php\/wp-json\/wp\/v2\/users\/1"}],"replies":[{"embeddable":true,"href":"https:\/\/old.yourteprevert.info\/index.php\/wp-json\/wp\/v2\/comments?post=25"}],"version-history":[{"count":49,"href":"https:\/\/old.yourteprevert.info\/index.php\/wp-json\/wp\/v2\/pages\/25\/revisions"}],"predecessor-version":[{"id":1187,"href":"https:\/\/old.yourteprevert.info\/index.php\/wp-json\/wp\/v2\/pages\/25\/revisions\/1187"}],"wp:attachment":[{"href":"https:\/\/old.yourteprevert.info\/index.php\/wp-json\/wp\/v2\/media?parent=25"}],"curies":[{"name":"wp","href":"https:\/\/api.w.org\/{rel}","templated":true}]}}