{"id":21,"date":"2017-03-12T20:50:05","date_gmt":"2017-03-12T19:50:05","guid":{"rendered":"http:\/\/yourteprevert.info\/?page_id=21"},"modified":"2023-06-16T05:01:38","modified_gmt":"2023-06-16T03:01:38","slug":"enfants","status":"publish","type":"page","link":"https:\/\/old.yourteprevert.info\/index.php\/enfants\/","title":{"rendered":"Yoga enfants"},"content":{"rendered":"<div class=\"wp-block-image\">\n<figure class=\"aligncenter is-resized\"><img decoding=\"async\" loading=\"lazy\" src=\"https:\/\/yourteprevert.ch\/wp-content\/uploads\/2017\/03\/IMG_8567-1024x768-300x225.png\" alt=\"\" class=\"wp-image-743\" width=\"473\" height=\"355\" srcset=\"https:\/\/old.yourteprevert.info\/wp-content\/uploads\/2017\/03\/IMG_8567-1024x768-300x225.png 300w, https:\/\/old.yourteprevert.info\/wp-content\/uploads\/2017\/03\/IMG_8567-1024x768-768x576.png 768w, https:\/\/old.yourteprevert.info\/wp-content\/uploads\/2017\/03\/IMG_8567-1024x768.png 1024w\" sizes=\"(max-width: 473px) 100vw, 473px\" \/><\/figure><\/div>\n\n\n<h5><strong><span style=\"color: #99cc00;\"><\/span><\/strong><a href=\"https:\/\/yourteprevert.info\/index.php\/contact\/\"><span style=\"color: #99cc00;\"><\/span><\/a><\/h5>\n\n\n\n<hr class=\"wp-block-separator has-alpha-channel-opacity\"\/>\n\n\n\n<h2><span lang=\"fr-CH\">Qu\u2019est-ce que c\u2019est&nbsp;?<\/span><\/h2>\n\n\n\n<p><span lang=\"fr-CH\">Le yoga se base sur une pratique mill\u00e9naire et holistique originaire de l\u2019Inde, il a \u00e9t\u00e9 d\u00e9velopp\u00e9 et adapt\u00e9 au monde occidental. Le yoga contient des exercices physiques, des techniques de respiration et de relaxation. Le yoga pour enfant se compose de ces \u00e9l\u00e9ments-l\u00e0, mais adapt\u00e9s \u00e0 l&rsquo;\u00e2ge et au dynamisme de l&rsquo;enfant&nbsp;; il favorise le d\u00e9veloppement holistique (consid\u00e9rer l\u2019enfant dans sa globalit\u00e9).<\/span><\/p>\n\n\n\n<p><a href=\"https:\/\/yourteprevert.ch\/wp-content\/uploads\/2018\/09\/Yoga-pour-les-enfants.pdf\" target=\"_blank\" rel=\"noopener noreferrer\">Pr\u00e9sentation du yoga pour enfants<\/a> &#8211; <a href=\"https:\/\/yourteprevert.ch\/wp-content\/uploads\/2018\/09\/yoga_flyer.pdf\" target=\"_blank\" rel=\"noopener noreferrer\">Flyer \u00e0 t\u00e9l\u00e9charger<\/a><\/p>\n\n\n\n<h2>Comment fonctionne-il ?<\/h2>\n\n\n\n<p><span lang=\"fr-CH\">Le yoga pour enfant est une approche avec beaucoup de mouvement et de joie&nbsp;: les postures sont dynamiques, de courte dur\u00e9e et propos\u00e9es avec des variations&nbsp;; ce n\u2019est pas une approche tranquille et silencieuse<\/span><\/p>\n\n\n\n<p><span lang=\"fr-CH\">La respiration est per\u00e7ue et approfondie \u00e0 travers des images, d\u2019une mani\u00e8re ludique.<\/span><\/p>\n\n\n\n<p><span lang=\"fr-CH\">Des voyages imaginaires qui favorisent la d\u00e9tente et la perception de tous les sens sont utilis\u00e9s, tels que le son, le rythme et d\u2019autres aspects que l\u2019on ne trouve pas dans le yoga classique des adultes.<\/span><\/p>\n\n\n\n<p><span lang=\"fr-CH\">Le yoga permet aux enfants d\u2019avoir une meilleure perception du corps, de ses forces et ses faiblesses, toujours avec bienveillance : les postures favorisent la souplesse, la coordination, l\u2019\u00e9quilibre et le courage. Les enfants profitent aussi de conseils pr\u00e9cieux pour mieux g\u00e9rer le stress, les \u00e9motions et les d\u00e9fis de la vie. Ils prennent conscience de leur personne, augmentant ainsi concentration et confiance en soi de m\u00eame qu\u2019un plus grand respect de soi-m\u00eame et des autres.<\/span><\/p>\n\n\n\n<h2><a name=\"_GoBack\"><\/a> Comment se d\u00e9roule une pratique ?<\/h2>\n\n\n\n<p><span lang=\"fr-CH\">Chaque le\u00e7on est con\u00e7ue de mani\u00e8re cr\u00e9ative et vari\u00e9e au sein d&rsquo;une structure de base&nbsp;:<\/span><\/p>\n\n\n\n<ul>\n<li><span lang=\"fr-CH\">Les cercles de bienvenue<\/span><\/li>\n\n\n\n<li><span lang=\"fr-CH\">Les jeux dynamiques<\/span><\/li>\n\n\n\n<li><span lang=\"fr-CH\">Les voyages fantastiques avec des poses de yoga<\/span><\/li>\n\n\n\n<li><span lang=\"fr-CH\">Les exercices de respiration sp\u00e9cialement adapt\u00e9s aux enfants<\/span><\/li>\n\n\n\n<li><span lang=\"fr-CH\">Les exercices de perception \u00e0 travers l&rsquo;ou\u00efe, le toucher et l&rsquo;observation<\/span><\/li>\n\n\n\n<li><span lang=\"fr-CH\">Le voyage de r\u00eave couch\u00e9<\/span><\/li>\n<\/ul>\n\n\n\n<figure class=\"is-layout-flex wp-block-gallery-1 wp-block-gallery has-nested-images columns-4 is-cropped\">\n<figure class=\"wp-block-image size-large\"><a href=\"https:\/\/yourteprevert.info\/wp-content\/uploads\/2017\/03\/20170517_140522-e1510237363351.jpg\"><img decoding=\"async\" loading=\"lazy\" width=\"2988\" height=\"5312\" data-id=\"945\"  src=\"https:\/\/yourteprevert.info\/wp-content\/uploads\/2017\/03\/20170517_140522-e1510237363351.jpg\" alt=\"\" class=\"wp-image-945\" srcset=\"https:\/\/old.yourteprevert.info\/wp-content\/uploads\/2017\/03\/20170517_140522-e1510237363351.jpg 2988w, https:\/\/old.yourteprevert.info\/wp-content\/uploads\/2017\/03\/20170517_140522-e1510237363351-169x300.jpg 169w, https:\/\/old.yourteprevert.info\/wp-content\/uploads\/2017\/03\/20170517_140522-e1510237363351-768x1365.jpg 768w, https:\/\/old.yourteprevert.info\/wp-content\/uploads\/2017\/03\/20170517_140522-e1510237363351-576x1024.jpg 576w\" sizes=\"(max-width: 2988px) 100vw, 2988px\" \/><\/a><\/figure>\n\n\n\n<figure class=\"wp-block-image size-large\"><a href=\"https:\/\/yourteprevert.info\/wp-content\/uploads\/2017\/03\/20170517_140208.jpg\"><img decoding=\"async\" loading=\"lazy\" width=\"5312\" height=\"2988\" data-id=\"944\"  src=\"https:\/\/yourteprevert.info\/wp-content\/uploads\/2017\/03\/20170517_140208.jpg\" alt=\"\" class=\"wp-image-944\" srcset=\"https:\/\/old.yourteprevert.info\/wp-content\/uploads\/2017\/03\/20170517_140208.jpg 5312w, https:\/\/old.yourteprevert.info\/wp-content\/uploads\/2017\/03\/20170517_140208-300x169.jpg 300w, https:\/\/old.yourteprevert.info\/wp-content\/uploads\/2017\/03\/20170517_140208-768x432.jpg 768w, https:\/\/old.yourteprevert.info\/wp-content\/uploads\/2017\/03\/20170517_140208-1024x576.jpg 1024w\" sizes=\"(max-width: 5312px) 100vw, 5312px\" \/><\/a><\/figure>\n\n\n\n<figure class=\"wp-block-image size-large\"><a href=\"https:\/\/yourteprevert.info\/wp-content\/uploads\/2017\/03\/20170517_140607.jpg\"><img decoding=\"async\" loading=\"lazy\" width=\"5312\" height=\"2988\" data-id=\"946\"  src=\"https:\/\/yourteprevert.info\/wp-content\/uploads\/2017\/03\/20170517_140607.jpg\" alt=\"\" class=\"wp-image-946\" srcset=\"https:\/\/old.yourteprevert.info\/wp-content\/uploads\/2017\/03\/20170517_140607.jpg 5312w, https:\/\/old.yourteprevert.info\/wp-content\/uploads\/2017\/03\/20170517_140607-300x169.jpg 300w, https:\/\/old.yourteprevert.info\/wp-content\/uploads\/2017\/03\/20170517_140607-768x432.jpg 768w, https:\/\/old.yourteprevert.info\/wp-content\/uploads\/2017\/03\/20170517_140607-1024x576.jpg 1024w\" sizes=\"(max-width: 5312px) 100vw, 5312px\" \/><\/a><\/figure>\n\n\n\n<figure class=\"wp-block-image size-large\"><a href=\"https:\/\/yourteprevert.info\/wp-content\/uploads\/2017\/03\/20170517_140857-e1510237382755.jpg\"><img decoding=\"async\" loading=\"lazy\" width=\"2988\" height=\"5312\" data-id=\"947\"  src=\"https:\/\/yourteprevert.info\/wp-content\/uploads\/2017\/03\/20170517_140857-e1510237382755.jpg\" alt=\"\" class=\"wp-image-947\" srcset=\"https:\/\/old.yourteprevert.info\/wp-content\/uploads\/2017\/03\/20170517_140857-e1510237382755.jpg 2988w, https:\/\/old.yourteprevert.info\/wp-content\/uploads\/2017\/03\/20170517_140857-e1510237382755-169x300.jpg 169w, https:\/\/old.yourteprevert.info\/wp-content\/uploads\/2017\/03\/20170517_140857-e1510237382755-768x1365.jpg 768w, https:\/\/old.yourteprevert.info\/wp-content\/uploads\/2017\/03\/20170517_140857-e1510237382755-576x1024.jpg 576w\" sizes=\"(max-width: 2988px) 100vw, 2988px\" \/><\/a><\/figure>\n<\/figure>\n\n\n\n<h2>Quels sont ses effets ?<\/h2>\n\n\n\n<p><span lang=\"fr-CH\">Apr\u00e8s quelques semaines ou mois, les enfants peuvent&nbsp;:<\/span><\/p>\n\n\n\n<ul>\n<li><span lang=\"fr-CH\">mieux g\u00e9rer leurs \u00e9motions<\/span><\/li>\n\n\n\n<li><span lang=\"fr-CH\">rester plus longtemps tranquille<\/span><\/li>\n\n\n\n<li><span lang=\"fr-CH\">am\u00e9liorer la force et la souplesse<\/span><\/li>\n\n\n\n<li><span lang=\"fr-CH\">avoir plus de joie dans leur mouvement<\/span><\/li>\n\n\n\n<li><span lang=\"fr-CH\">mieux se concentrer<\/span><\/li>\n\n\n\n<li><span lang=\"fr-CH\">am\u00e9liorer leur confiance<\/span><\/li>\n\n\n\n<li><span lang=\"fr-CH\">appliquer des petits exercices contre la peur, l&rsquo;anxi\u00e9t\u00e9 ou le stress<\/span><\/li>\n<\/ul>\n\n\n\n<h2>Horaires<\/h2>\n\n\n\n<p>Par groupe d\u2019\u00e2ges. 4-6 ans&nbsp;&nbsp;&nbsp;&nbsp;&nbsp;&nbsp; 7-9 ans &nbsp; &nbsp; &nbsp; &nbsp; 10-13 ans<\/p>\n\n\n\n<p><span lang=\"fr-CH\">Pour tous les enfants&nbsp;! Vifs, calmes, tranquilles\u2026 chaque enfant profite des \u00e9l\u00e9ments yogiques pour une croissance \u00e9quilibr\u00e9e.<\/span><\/p>\n\n\n\n<figure class=\"wp-block-table\"><table><tbody><tr><td>\u00a0D\u00e8s septembre 2023<\/td><td>\u00a0lundis<\/td><td>\u00a016h30 (7-9 ans)<\/td><td>&nbsp;<\/td><\/tr><tr><td><\/td><td>mercredis<\/td><td>13h15 en fran\u00e7ais<br>17h00 en fran\u00e7ais<\/td><td>&nbsp;<\/td><\/tr><tr><td>&nbsp;<\/td><td><span style=\"color: #99cc00;\">Mittwoch<\/span><\/td><td><span style=\"color: #99cc00;\">14:15 auf Deutsch<\/span><\/td><td>&nbsp;<\/td><\/tr><tr><td>&nbsp;<\/td><td>jeudis pr\u00e9-ado<\/td><td>16h30 (10-13 ans)<\/td><td>&nbsp;<\/td><\/tr><\/tbody><\/table><\/figure>\n\n\n\n<h2>Tarifs<\/h2>\n\n\n\n<p>D\u00e8s 2 enfants : 580.-\/semestre<br>D\u00e8s 3 enfants : 380.-\/semestre<br>D\u00e8s 4 enfants : 290.-\/semestre<\/p>\n\n\n\n<p>+ 20.- inscription<\/p>\n\n\n\n<hr class=\"wp-block-separator has-alpha-channel-opacity\"\/>\n\n\n\n<p><strong>Coordonn\u00e9es bancaires<\/strong><br>Carole Collaud<br>Impasse du Pr\u00e9 Vert 18<br>1700 Fribourg<\/p>\n\n\n\n<p>SWISS POST<br>POST FINANCE<br>3000 BERN<br>IBAN CH 64 0900 0000 17104830 9<br>BIC SWIFT : POFICHBE<\/p>\n\n\n\n<hr class=\"wp-block-separator has-alpha-channel-opacity\"\/>\n\n\n\n<h2><span lang=\"fr-CH\">De la bouche des enfants : <\/span><\/h2>\n\n\n\n<p><span lang=\"fr-CH\"><a href=\"https:\/\/yourteprevert.ch\/wp-content\/uploads\/2017\/03\/Le-yoga-vu-par-les-enfants.pdf\" target=\"_blank\" rel=\"noopener noreferrer\">Photos : le yoga vu par les enfants<\/a><br><\/span><\/p>\n\n\n\n<p><span lang=\"fr-CH\">\u00ab<em>&nbsp;J&rsquo;aime le yoga car \u00e7a m&rsquo;aide \u00e0 me d\u00e9tendre.<\/em>&nbsp;\u00bb gar\u00e7on de 7 ans<\/span><\/p>\n\n\n\n<p><span lang=\"fr-CH\">\u00ab&nbsp;<em>Ici, je peux me connecter \u00e0 mon int\u00e9rieur et r\u00e9fl\u00e9chir comment faire mieux.&nbsp;<\/em>\u00bb fille de 12 ans<\/span><\/p>\n\n\n\n<p><span lang=\"fr-CH\">\u00ab<em>&nbsp;Le yoga m&rsquo;apprend \u00e0 voir au plus profond des personnes et voir aussi le positif en chaque personne.<\/em>&nbsp;\u00bb fille de 13 ans<\/span><\/p>\n\n\n\n<p><span lang=\"fr-CH\">\u00ab&nbsp;<em>J&rsquo;aime le yoga car c&rsquo;est toujours diff\u00e9rent, il y a une surprises \u00e0 chaque rencontre.<\/em>&nbsp;\u00bb fille de 10 ans<\/span><\/p>\n\n\n\n<p><span lang=\"fr-CH\">\u00ab<em>&nbsp;J&rsquo;aime faire du yoga car je me sens plus calme et me fait prendre de la distance face \u00e0 mes probl\u00e8mes. Il m&rsquo;apprend des choses que je n&rsquo;apprends pas \u00e0 l&rsquo;\u00e9cole.<\/em>&nbsp;\u00bb fille de 11 ans<\/span><\/p>\n\n\n\n<p><span lang=\"fr-CH\">\u00ab<em>&nbsp;J&rsquo;aime bien le yoga car c&rsquo;est cr\u00e9atif et on fait des jeux.&nbsp;<\/em>\u00bb fille de 8 ans<\/span><\/p>\n\n\n\n<p><span lang=\"fr-CH\">\u00ab&nbsp;<em>Ce que j&rsquo;aime le plus dans le yoga c&rsquo;est faire des positions d&rsquo;animaux et recevoir un petit massage de relaxation.&nbsp;<\/em>\u00bb gar\u00e7on de 7 ans<\/span><\/p>\n\n\n\n<p><span lang=\"fr-CH\">\u00ab&nbsp;<em>Le yoga m&rsquo;apporte du bien-\u00eatre et de la joie.<\/em>&nbsp;\u00bb fille de 10 ans<\/span><\/p>\n\n\n\n<p><span lang=\"fr-CH\">\u00ab&nbsp;<em>Le yoga m&rsquo;apprend \u00e0 regarder la nature d&rsquo;un autre oeil et je peux \u00eatre fascin\u00e9e par des choses que d&rsquo;autres trouvent banales.&nbsp;<\/em>\u00bb<\/span><span lang=\"fr-CH\"> fille de 12 ans<\/span><\/p>\n\n\n<div class=\"wp-block-image\">\n<figure class=\"aligncenter\"><img decoding=\"async\" loading=\"lazy\" width=\"1024\" height=\"280\" src=\"https:\/\/yourteprevert.ch\/wp-content\/uploads\/2017\/03\/20170517_141320-Copie-1024x280.png\" alt=\"\" class=\"wp-image-747\" srcset=\"https:\/\/old.yourteprevert.info\/wp-content\/uploads\/2017\/03\/20170517_141320-Copie-1024x280.png 1024w, https:\/\/old.yourteprevert.info\/wp-content\/uploads\/2017\/03\/20170517_141320-Copie-300x82.png 300w, https:\/\/old.yourteprevert.info\/wp-content\/uploads\/2017\/03\/20170517_141320-Copie-768x210.png 768w\" sizes=\"(max-width: 1024px) 100vw, 1024px\" \/><\/figure><\/div>\n\n\n<h2><span lang=\"fr-CH\">Les parents :<\/span><\/h2>\n\n\n\n<p><span lang=\"fr-CH\">Les parents constatent de nombreux bienfaits sur leurs enfants, comme une meilleure concentration, un mieux-\u00eatre et une plus grande confiance en soi. <\/span><\/p>\n\n\n\n<p><span lang=\"fr-CH\">\u00ab<\/span> <em>Lorsque mes enfants, Mathilde, Pauline et Louis quittent les cours de yoga de Carole, ils ont une expression sur le visage qui traduit une joie qu&rsquo;ils ne peuvent pas contenir, beaucoup de s\u00e9r\u00e9nit\u00e9 et une belle \u00e9nergie. M\u00eame leur corps manifeste ce qu&rsquo;ils viennent de vivre: ils sautillent, ils rient et je les sens plus complices que d&rsquo;habitude. Je vois qu&rsquo;ils ont v\u00e9cu quelque chose de particulier qui fait ressortir toute une palette d&rsquo;\u00e9motions parfois enfouies. Et c&rsquo;est \u00e0 chaque fois la m\u00eame chose. J&rsquo;avoue que je suis toujours un peu impatiente d&rsquo;aller les rechercher, j&rsquo;aime voir ce bonheur particulier.<\/em> <span lang=\"fr-CH\">\u00bb Maman de trois enfants de 6, 8 et 10 ans<\/span><\/p>\n\n\n\n<p><em><span lang=\"fr-CH\">\u00ab<\/span> Premi\u00e8rement, je n&rsquo;ai jamais vu ma fille autant motiv\u00e9e pour aucune autre activit\u00e9&#8230; elle adore vraiment! Elle s&rsquo;est fait un petit \u00ab coin yoga \u00bb dans la chambre avec sa petite table (faite avec une boite \u00e0 chaussure&#8230;) cet endroit fait d\u00e9sormais partie int\u00e9grante de sa chambre. Elle aime s&rsquo;y retrouver seule et au calme. Le yoga l&rsquo;aide \u00e0 r\u00e9aliser qu&rsquo;elle a besoin de moments \u00e0 elle au calme et que cela lui fait du bien. Elle aime aussi partager les mouvements et massages avec sa petite soeur. <span lang=\"fr-CH\">\u00bb<\/span><\/em><span lang=\"fr-CH\">&nbsp;<\/span><span lang=\"fr-CH\">Maman d&rsquo;une enfant de 7 ans qui a commenc\u00e9 il y a 5 mois<\/span><\/p>\n\n\n\n<p><em><span lang=\"fr-CH\">\u00ab<\/span> Ma fille, adore aller au yoga. Physiquement elle a une force et une flexibilit\u00e9 incroyable et elle est tr\u00e8s \u00e0 l&rsquo;aise avec son propre corps. Elle a pris conscience de l&rsquo;importance pour son bien-\u00eatre de bien respirer, de se d\u00e9tendre avec des petits exercices qu&rsquo;elle a appris, des massages, ou de la musique calme. Elle est plus r\u00e9ceptive pour retrouver le calme au moment d&rsquo;aller dormir. Je dirais que le yoga est devenu pour elle un outil pour g\u00e9rer et ma\u00eetriser ses humeurs. <span lang=\"fr-CH\">\u00bb&nbsp;<\/span><\/em><span lang=\"fr-CH\">Maman d&rsquo;une fille de 9 ans qui a commenc\u00e9 il y a 2 ans<\/span><\/p>\n\n\n\n<p><em><span lang=\"fr-CH\">\u00ab<\/span> Notre fille est contente de partager avec nous les nouveaut\u00e9s de chaque le\u00e7on de yoga. Que ce soit des positions d&rsquo;animaux, compter en sanskrit ou l&rsquo;importance de \u00ab d\u00e9guster \u00bb un aliment en pleine conscience. Elle est ravie de la dynamique du groupe, des autres enfants et de Carole qui est toujours calme et cool. <span lang=\"fr-CH\">\u00bb&nbsp;<\/span><\/em><span lang=\"fr-CH\">Parents d&rsquo;une enfant de 6 ans qui a commenc\u00e9 il y 6 le\u00e7ons<\/span><\/p>\n","protected":false},"excerpt":{"rendered":"<p>Qu\u2019est-ce que c\u2019est&nbsp;? Le yoga se base sur une pratique mill\u00e9naire et holistique originaire de l\u2019Inde, il a \u00e9t\u00e9 d\u00e9velopp\u00e9 et adapt\u00e9 au monde occidental. Le yoga contient des exercices physiques, des techniques de respiration et de relaxation. Le yoga pour enfant se compose de ces \u00e9l\u00e9ments-l\u00e0, mais adapt\u00e9s \u00e0 l&rsquo;\u00e2ge et au dynamisme de [&hellip;]<\/p>\n","protected":false},"author":1,"featured_media":0,"parent":0,"menu_order":0,"comment_status":"closed","ping_status":"closed","template":"","meta":[],"_links":{"self":[{"href":"https:\/\/old.yourteprevert.info\/index.php\/wp-json\/wp\/v2\/pages\/21"}],"collection":[{"href":"https:\/\/old.yourteprevert.info\/index.php\/wp-json\/wp\/v2\/pages"}],"about":[{"href":"https:\/\/old.yourteprevert.info\/index.php\/wp-json\/wp\/v2\/types\/page"}],"author":[{"embeddable":true,"href":"https:\/\/old.yourteprevert.info\/index.php\/wp-json\/wp\/v2\/users\/1"}],"replies":[{"embeddable":true,"href":"https:\/\/old.yourteprevert.info\/index.php\/wp-json\/wp\/v2\/comments?post=21"}],"version-history":[{"count":89,"href":"https:\/\/old.yourteprevert.info\/index.php\/wp-json\/wp\/v2\/pages\/21\/revisions"}],"predecessor-version":[{"id":1442,"href":"https:\/\/old.yourteprevert.info\/index.php\/wp-json\/wp\/v2\/pages\/21\/revisions\/1442"}],"wp:attachment":[{"href":"https:\/\/old.yourteprevert.info\/index.php\/wp-json\/wp\/v2\/media?parent=21"}],"curies":[{"name":"wp","href":"https:\/\/api.w.org\/{rel}","templated":true}]}}