{"id":15,"date":"2017-03-12T20:49:11","date_gmt":"2017-03-12T19:49:11","guid":{"rendered":"http:\/\/yourteprevert.info\/?page_id=15"},"modified":"2020-09-13T21:07:24","modified_gmt":"2020-09-13T19:07:24","slug":"qui-suis-je","status":"publish","type":"page","link":"https:\/\/old.yourteprevert.info\/index.php\/qui-suis-je\/","title":{"rendered":"Qui suis-je ?"},"content":{"rendered":"<p>&nbsp;<\/p>\n<p>&nbsp;<\/p>\n<p><a href=\"https:\/\/yourteprevert.ch\/wp-content\/uploads\/2017\/03\/carole-92.jpg\"><img decoding=\"async\" loading=\"lazy\" class=\"aligncenter wp-image-259\" src=\"https:\/\/yourteprevert.ch\/wp-content\/uploads\/2017\/03\/carole-92-300x200.jpg\" alt=\"\" width=\"450\" height=\"300\" srcset=\"https:\/\/old.yourteprevert.info\/wp-content\/uploads\/2017\/03\/carole-92-300x200.jpg 300w, https:\/\/old.yourteprevert.info\/wp-content\/uploads\/2017\/03\/carole-92-768x513.jpg 768w, https:\/\/old.yourteprevert.info\/wp-content\/uploads\/2017\/03\/carole-92-1024x683.jpg 1024w\" sizes=\"(max-width: 450px) 100vw, 450px\" \/><\/a><\/p>\n<p>&nbsp;<\/p>\n<p align=\"left\">Je suis n\u00e9e \u00e0 Gen\u00e8ve. A l\u2019adolescence, je quitte cette ville pour vivre \u00e0 Fribourg, d\u2019o\u00f9 je suis originaire. J\u2019\u00e9tudie au Conservatoire de musique de Fribourg la fl\u00fbte traversi\u00e8re, le piccolo, le piano, le chant et l\u2019enseignement musical.\u00a0 Mon attirance forte pour la nature m\u2019engage en parall\u00e8le de la musique dans un apprentissage de floricultrice au Jardin botanique de l&rsquo;Universit\u00e9 de Fribourg.<\/p>\n<p align=\"left\">Au fil du temps et des rencontres,\u00a0je m\u2019engage dans des actions humanitaires en trouvant toujours le moyen d&rsquo;y int\u00e9grer la musique. Je s\u00e9journe ainsi en Am\u00e9rique de Nord et du Sud, en Asie, au Cambodge, en Turquie, au <a href=\"http:\/\/solisu.ch\/doks\/Musique_et_theatre_12_03_2016.pdf\" target=\"_blank\" rel=\"noopener noreferrer\">Liban<\/a>.<\/p>\n<p align=\"left\">J\u2019aime tout ce qui facilite la communication, en plus du langage musical, j\u2019apprends l\u2019allemand, l\u2019anglais, l\u2019espagnol ainsi que la langue des signes pour les personnes sourdes.<\/p>\n<p align=\"left\">En 2001 \u00e0 Lausanne, j\u2019obtiens ma <a href=\"http:\/\/www.ccollaud.com\" target=\"_blank\" rel=\"noopener noreferrer\">virtuosit\u00e9 <\/a>\u00e0 la fl\u00fbte traversi\u00e8re, puis vais me perfectionner \u00e0 Los Angeles et New-York. J\u2019ai la chance d\u2019\u00eatre invit\u00e9e au camp de l\u2019orchestre de Palm Springs en Californie.<\/p>\n<p align=\"left\">Mes voyages, mes engagements humanitaires, mon travail avec les enfants sourds en Suisse ainsi qu\u2019au Cambodge, Bolivie et USA, m\u2019ont appris \u00e0 \u00ab\u00a0parler\u00a0\u00bb vrai, \u00e0 \u00e9couter autrement, \u00e0 d\u00e9coder des langages corporels, \u00e0 lire dans le c\u0153ur.<\/p>\n<p align=\"left\">Depuis quelques ann\u00e9es, j\u2019ai mon port d\u2019attache \u00e0 Fribourg. Ma maison entour\u00e9e d\u2019un jardin me permet de rester tr\u00e8s proche de la nature. Dans ce jardin, j\u2019ai install\u00e9 une yourte qui est mon principal lieu de vie et d&rsquo;activit\u00e9s professionnelles.<\/p>\n<p align=\"left\">Mon entourage, mes ami-es disent \u00e0 mon propos que mon regard est lumineux et direct, que je suis d\u2019une nature spontan\u00e9e et p\u00e9tillante, toujours embarqu\u00e9e dans une foison d\u2019activit\u00e9s avec l\u2019amour de la musique, le plaisir de jouer, de transmettre et d&rsquo;accueillir tout un chacun sans fa\u00e7on.<\/p>\n<p align=\"left\">Actuellement, je donne des concerts en formation de musique de chambre ainsi qu&rsquo;au sein d&rsquo;orchestres. Je donne des cours individuels et collectifs dans ma propre \u00e9cole de musique\u00a0: <em><a href=\"http:\/\/www.flautissimo.info\" target=\"_blank\" rel=\"noopener noreferrer\">Flautissimo <\/a><\/em>cr\u00e9\u00e9e en 2006. J\u2019organise des <a href=\"http:\/\/flautissimo.info\/camps.html\" target=\"_blank\" rel=\"noopener noreferrer\">camps<\/a> musicaux, chez moi ou en chalet de montagne sur le th\u00e8me de \u00ab\u00a0musique et vie\u00a0\u00bb dans un style tr\u00e8s Montessori qui me tient \u00e0 coeur.<\/p>\n<p align=\"left\"><a target=\"_blank\" rel=\"noopener noreferrer\" name=\"_GoBack\"><\/a>Une fois par semaine, j\u2019interviens \u00e0 l\u2019Unit\u00e9 de soins palliatifs de Fribourg depuis l\u2019ouverture de la maison St-Fran\u00e7ois &#8211; HFR.<\/p>\n<p align=\"left\">Exploratrice du vivant et de l\u2019humain, je me suis form\u00e9e \u00e0 d&rsquo;autres approches globales de la personne, le <a href=\"http:\/\/flautissimo.info\/yoga_texte.html\" target=\"_blank\" rel=\"noopener noreferrer\">yoga<\/a>, la m\u00e9ditation (Mindfulness), la sonoth\u00e9rapie, le massage tha\u00ef ainsi que diff\u00e9rentes autres techniques th\u00e9rapeutiques pour enfants et adultes.<\/p>\n<p align=\"left\">Une de mes devises pr\u00e9f\u00e9r\u00e9es\u00a0: \u00ab L&rsquo;important sur cette terre, c&rsquo;est de laisser une trace d&rsquo;amour !\u00a0\u00bb<\/p>\n<p>&nbsp;<\/p>\n<h2>Formations :<\/h2>\n<h5>Yoga<\/h5>\n<p>Dipl\u00f4me de professeure de Yoga de l\u2019<a href=\"http:\/\/www.sivananda.org\/orleans\/vacances-yoga-sivananda-orleans.htm?gclid=CLDnuoqO1tMCFQbjGwodTHYMQg\" target=\"_blank\" rel=\"noopener noreferrer\">Ashram Sivananda<\/a> dans le style du Hatha Yoga (Yoga traditionnel Indien\u00a0; formation certifi\u00e9e par Yoga Alliance). Yoga Alliance international (YAI) est une organisation de renomm\u00e9e mondiale, reconnue et enregistr\u00e9e aupr\u00e8s du gouvernement indien.<\/p>\n<p>Certifi\u00e9e de All Yoga RYS : <a href=\"https:\/\/www.allyogatraining.com\/\">Ashtanga Yoga<\/a>, Thailande aupr\u00e8s de <a href=\"https:\/\/varimoralesyoga.com\/\">Vari Morales<\/a> et <a href=\"https:\/\/www.allyogatraining.com\/yoga-teachers.html\">Camila<\/a><\/p>\n<p>Diff\u00e9rentes formations, notamment aupr\u00e8s de l\u2019<span lang=\"fr-FR\">\u00e9cole internationale de formation et perfectionnement de professeurs de yoga, cr\u00e9\u00e9e par <a href=\"http:\/\/www.iiy-yogikhane.ch\/yogi_khane.html\">Babacar Khane<\/a><\/span><span lang=\"fr-FR\"> ainsi que les cours mis en place par <a href=\"http:\/\/www.thomasarta.com\/\" target=\"_blank\" rel=\"noopener noreferrer\">Thomas Arta<\/a><\/span><\/p>\n<h5>Acro Yoga Montr\u00e9al<\/h5>\n<p>Certificat\u00a0d\u2019<a href=\"https:\/\/acroyoga.com\/level-1\/3\" target=\"_blank\" rel=\"noopener noreferrer\">Acro Yoga Montreal<\/a> Teacher Training Program, Orvieto, Italie<br \/>\n<span lang=\"de-CH\">Enseignants\u00a0: Jessica Goldberg, Eugene Poku, Heidi Blais, Jill Campbell<\/span><\/p>\n<h5>Yoga pour enfants<\/h5>\n<p>Formation continue chez B\u00e9atrice Kilchenmann, <a href=\"http:\/\/www.yoga7.com\/\" target=\"_blank\" rel=\"noopener noreferrer\">Yoga 7<\/a>, Gen\u00e8ve<\/p>\n<h5><a href=\"https:\/\/rye-yoga.fr\/\">RYE<\/a><\/h5>\n<p><strong>R<\/strong>echerche sur le<strong> Y<\/strong>oga dans l\u2019<strong>\u00c9<\/strong>ducation fond\u00e9 par Jacques de Coulon et Micheline Flak.<\/p>\n<p>Formatrices : Patricia Kotowiez, Nicole Gerat, Carolyn Wood, Francoise Fauvel, Fribourg<\/p>\n<h5>Yin Yoga<\/h5>\n<p>Certificat de With-Yin Yoga, TTC chez <a href=\"http:\/\/www.with-yinyoga.com\/\" target=\"_blank\" rel=\"noopener noreferrer\">Sebastian Pucelle<\/a>, Londres<\/p>\n<h5>Yoga Th\u00e9rapie et conscience corporelle<\/h5>\n<p>Formation continue au Centre de Formation et de Recherche en yoga chez, <a href=\"https:\/\/www.centre-formation-yoga.ch\/formation-therapie\/?gclid=Cj0KCQiA8_PfBRC3ARIsAOzJ2urLGIWC2atLGaW5D9YCv-l4Gkl5G_zv89MLC4ZYbpNSXbpxXaglhf8aAi2EEALw_wcB\" target=\"_blank\" rel=\"noopener noreferrer\">Maria Vivian Lagier,<\/a> Fribourg<\/p>\n<h5>YogaWorks<\/h5>\n<p>Formation TTC, <a href=\"https:\/\/www.yogaworks.com\/\" target=\"_blank\" rel=\"noopener noreferrer\">YogaWorks<\/a> chez <a href=\"https:\/\/www.yogaworks.com\/teacher\/celine-antoine\/\" target=\"_blank\" rel=\"noopener noreferrer\">C\u00e9line Antoine<\/a> et Janine Francke,\u00a0 \u00e0 Strasbourg<\/p>\n<h5>Yoga \u00c9gyptien<\/h5>\n<p>Attestation de S\u00e9minaire International de Yoga Int\u00e9gral, Cours de formation p\u00e9dagogique et de perfectionnement au Yoga Egyptien, Kung.Fu, Ch&rsquo;i Kong, <a href=\"http:\/\/www.iiy-yogikhane.ch\/yogi_khane.html\" target=\"_blank\" rel=\"noopener noreferrer\">Babacar Khane<\/a>, France et Suisse<\/p>\n<p>Stages chez Thomas Berghoff <a href=\"http:\/\/www.thomas-berghoff.de\/organic-yoga.html\" target=\"_blank\" rel=\"noopener noreferrer\">Organic Yoga<\/a>, Tina Hedr\u00e9n <a href=\"http:\/\/seasonalyoga.se\/\" target=\"_blank\" rel=\"noopener noreferrer\">Seasonal Yoga<\/a>, <a href=\"https:\/\/www.clairelalande.com\/\" target=\"_blank\" rel=\"noopener noreferrer\">Claire Lalande<\/a>, <a href=\"http:\/\/www.yogiface.ch\" target=\"_blank\" rel=\"noopener noreferrer\">Natasha Magnin<\/a><\/p>\n<h5>Sonoth\u00e9rapie<\/h5>\n<p>Certificat de Sonoth\u00e9rapeute, <a href=\"http:\/\/www.medson.net\/\" target=\"_blank\" rel=\"noopener noreferrer\">Institut Medson<\/a>, chez Emmanuel Comte, France<\/p>\n<h5>Massage Tha\u00ef<\/h5>\n<p>Certificat massage Tha\u00ef 1\u00a0: \u00ab\u00a0un art du toucher\u00a0\u00bb<br \/>\nCertificat massage Tha\u00ef 2\u00a0: \u00ab\u00a0une m\u00e9ditation en mouvement, la danse sacr\u00e9e du massage tha\u00ef\u00a0\u00bb<br \/>\nCertificat massage Tha\u00ef dynamique 3 : \u00ab\u00a0la po\u00e9sie en mouvement perp\u00e9tuel\u00a0\u00bb<br \/>\nCertificat d&rsquo;Osteo-Tha\u00ef 4 : \u00ab\u00a0articulations\u00a0\u00bb<br \/>\n<span lang=\"de-CH\">Certificat massage Tha\u00ef 5 : \u00ab\u00a0int\u00e9gration H3 : Hara-Hear-Head\u00a0\u00bb<br \/>\n<\/span>Certificat de PRATICIEN EN MASSAGE THAI<br \/>\nEnseignants :<br \/>\nDavid Lutt, Ecole de massage, <a href=\"http:\/\/lulyani.com\/\" target=\"_blank\" rel=\"noopener noreferrer\">Lulyani<\/a>, France<br \/>\n<span lang=\"de-CH\">Krishnataki, <a href=\"http:\/\/www.thaimassage.gr\/en\/\" target=\"_blank\" rel=\"noopener noreferrer\">Sunshine School<\/a>, Gr\u00e8ce<br \/>\nJ\u00f6rg Sch\u00fcrpf, <a href=\"http:\/\/www.shenshiatsu.net\/fr\" target=\"_blank\" rel=\"noopener noreferrer\">Shen Shiatsu Academy<\/a>, Suisse<br \/>\nTill Heeg, <a href=\"http:\/\/www.tillthai.com\/\" target=\"_blank\" rel=\"noopener noreferrer\">TillThai<\/a>, Gr\u00e8ce<\/span><\/p>\n<h5>Reiki<\/h5>\n<p>Certification en Reiki, niveau I et II, <a href=\"http:\/\/www.rosette-poletti.ch\/\" target=\"_blank\" rel=\"noopener noreferrer\">Rosette Poletti<\/a><\/p>\n<h5>Seiki Soho<\/h5>\n<p>Aupr\u00e8s Kyoko Kishi dans la lign\u00e9e d\u2019Akinobu Kishi.<\/p>\n<h5>MEBP<b><sup>\u00ae<\/sup><\/b><\/h5>\n<p>Dipl\u00f4me en technique MEPB<sup>\u00ae<\/sup> massage enfant \u00e0 besoins particuliers, <a href=\"https:\/\/www.techniquemebp.com\/\" target=\"_blank\" rel=\"noopener noreferrer\">M\u00e9lissa Boulanger<\/a><\/p>\n<h5>MISA International, hands-on respect<\/h5>\n<p>MISP Instructeur certificate, <a href=\"http:\/\/www.misa-suisse.ch\/\" target=\"_blank\" rel=\"noopener noreferrer\">Stefanie Hasler<\/a><\/p>\n<h5>MBSR<\/h5>\n<p>Certificat de <a href=\"http:\/\/www.enpleineconscience.ch\/\" target=\"_blank\" rel=\"noopener noreferrer\">Mindfulness-Based Stress Reduction<br \/>\n<\/a>R\u00e9duction du stress par la m\u00e9ditation de la pleine conscience selon la m\u00e9thode du Prof. Jon Kabat-Zinn<br \/>\nEnseignante\u00a0: Isabelle D\u00e9glise<\/p>\n<h5>Pleine conscience pour les enfants<\/h5>\n<p>Certificat d&rsquo;instructeur de pleine conscience pour enfants selon la M\u00e9thode <a href=\"http:\/\/www.elinesnel.com\/fr\/\" target=\"_blank\" rel=\"noopener noreferrer\">Eline Snel<\/a>, Paris<br \/>\nEnseignante\u00a0: Peggy Carlier<\/p>\n<h5>Nutrition<\/h5>\n<p>Nutritionniste MCO, avec <a href=\"https:\/\/www.hetc.ch\/\">Manuel Fux,<\/a> Gen\u00e8ve<br \/>\nCoach en nutrition, avec <a href=\"https:\/\/www.zonevitalpro.com\/WD220AWP\/WD220Awp.exe\/CONNECT\/ZoneVitalPro\">Didier Mari\u00e9toz<\/a>, Mies<\/p>\n<h5>EFT<\/h5>\n<p>Certificat en \u00ab\u00a0Energy EFT Foundation\u00a0\u00bb, <a href=\"https:\/\/goe.ac\/courses\/modern_energy_tapping_foundation.htm\" target=\"_blank\" rel=\"noopener noreferrer\">Rosette Poletti\u00a0<\/a>: The Guild of Energists<\/p>\n<h5 align=\"justify\">Accompagnement de personnes en fin de vie<\/h5>\n<p align=\"justify\">Certificat aupr\u00e8s de l\u2019IRFAP avec <a href=\"http:\/\/www.rosette-poletti.ch\/\" target=\"_blank\" rel=\"noopener noreferrer\">Rosette Poletti<\/a>\u00a0: \u00ab\u00a0Accompagnement de personnes en fin de vie\u00a0\u00bb<\/p>\n<h5>Kin\u00e9sologie<\/h5>\n<p>Un an de formation chez Hans Barth, Fribourg<\/p>\n<h5>Aromath\u00e9rapie<\/h5>\n<p>Module 1 en aromath\u00e9rapie, Fribourg<\/p>\n<h5>Fleurs du Dr. Bach<\/h5>\n<p>Module 1 en Fleurs de Bach, <a href=\"http:\/\/www.fleurange.ch\/\" target=\"_blank\" rel=\"noopener noreferrer\">Magali Frank<\/a><\/p>\n<h5>Soins \u00e9nerg\u00e9tique<\/h5>\n<p>Attunement, Niv I \u2013 III Syst\u00e8me nerveux, endocrinien et c\u0153ur<br \/>\nEnseignant : <a href=\"http:\/\/www.jeffgoldsteinattuner.com\/\" target=\"_blank\" rel=\"noopener noreferrer\">Jeff Goldstein<\/a><\/p>\n<p>&nbsp;<\/p>\n<h2>En formation :<\/h2>\n<p>&nbsp;<\/p>\n<h5>Shiatsu<\/h5>\n<p>Formation d\u00e9but\u00e9e en 2015 aupr\u00e8s de <a href=\"https:\/\/shiatsumons.com\/2011\/09\/22\/en-pratique\/\" target=\"_blank\" rel=\"noopener noreferrer\">Patrizia Buscemi<\/a>, <span lang=\"fr-FR\">th\u00e9rapeute en shiatsu et professeur de yoga, en Belgique<\/span><\/p>\n<h5>R&rsquo;yoga ART<\/h5>\n<p>Formation d\u00e9but\u00e9e en 2017 aupr\u00e8s de <a href=\"http:\/\/www.becauseiloveme.ch\/r-yoga\/\" target=\"_blank\" rel=\"noopener noreferrer\">Vanessa Manu et Christinel Sylvie<\/a><\/p>\n<h5>Yoga nidra<\/h5>\n<p>Chez <a href=\"http:\/\/beer-gabel.com\/\" target=\"_blank\" rel=\"noopener noreferrer\">Philippe Beer Gabel<\/a><\/p>\n<p><span style=\"opacity: 1; display: none;\">\u00a0<\/span><\/p>\n<p><span style=\"border-radius: 2px; text-indent: 20px; width: auto; padding: 0px 4px 0px 0px; text-align: center; font: bold 11px\/20px 'Helvetica Neue',Helvetica,sans-serif; color: #ffffff; background: #bd081c no-repeat scroll 3px 50% \/ 14px 14px; position: absolute; opacity: 1; z-index: 8675309; display: none; cursor: pointer; top: 116px; left: 208px;\">Enregistrer<\/span><\/p>\n<p><span style=\"border-radius: 2px; text-indent: 20px; width: auto; padding: 0px 4px 0px 0px; text-align: center; font: bold 11px\/20px 'Helvetica Neue',Helvetica,sans-serif; color: #ffffff; background: #bd081c no-repeat scroll 3px 50% \/ 14px 14px; position: absolute; opacity: 1; z-index: 8675309; display: none; cursor: pointer;\">Enregistrer<\/span><\/p>\n<p><span style=\"border-radius: 2px; text-indent: 20px; width: auto; padding: 0px 4px 0px 0px; text-align: center; font: bold 11px\/20px 'Helvetica Neue',Helvetica,sans-serif; color: #ffffff; background: #bd081c no-repeat scroll 3px 50% \/ 14px 14px; position: absolute; opacity: 1; z-index: 8675309; display: none; cursor: pointer;\">Enregistrer<\/span><\/p>\n","protected":false},"excerpt":{"rendered":"<p>&nbsp; &nbsp; &nbsp; Je suis n\u00e9e \u00e0 Gen\u00e8ve. A l\u2019adolescence, je quitte cette ville pour vivre \u00e0 Fribourg, d\u2019o\u00f9 je suis originaire. J\u2019\u00e9tudie au Conservatoire de musique de Fribourg la fl\u00fbte traversi\u00e8re, le piccolo, le piano, le chant et l\u2019enseignement musical.\u00a0 Mon attirance forte pour la nature m\u2019engage en parall\u00e8le de la musique dans un [&hellip;]<\/p>\n","protected":false},"author":1,"featured_media":0,"parent":0,"menu_order":0,"comment_status":"closed","ping_status":"closed","template":"","meta":[],"_links":{"self":[{"href":"https:\/\/old.yourteprevert.info\/index.php\/wp-json\/wp\/v2\/pages\/15"}],"collection":[{"href":"https:\/\/old.yourteprevert.info\/index.php\/wp-json\/wp\/v2\/pages"}],"about":[{"href":"https:\/\/old.yourteprevert.info\/index.php\/wp-json\/wp\/v2\/types\/page"}],"author":[{"embeddable":true,"href":"https:\/\/old.yourteprevert.info\/index.php\/wp-json\/wp\/v2\/users\/1"}],"replies":[{"embeddable":true,"href":"https:\/\/old.yourteprevert.info\/index.php\/wp-json\/wp\/v2\/comments?post=15"}],"version-history":[{"count":91,"href":"https:\/\/old.yourteprevert.info\/index.php\/wp-json\/wp\/v2\/pages\/15\/revisions"}],"predecessor-version":[{"id":1207,"href":"https:\/\/old.yourteprevert.info\/index.php\/wp-json\/wp\/v2\/pages\/15\/revisions\/1207"}],"wp:attachment":[{"href":"https:\/\/old.yourteprevert.info\/index.php\/wp-json\/wp\/v2\/media?parent=15"}],"curies":[{"name":"wp","href":"https:\/\/api.w.org\/{rel}","templated":true}]}}