{"id":1323,"date":"2022-09-07T11:58:42","date_gmt":"2022-09-07T09:58:42","guid":{"rendered":"https:\/\/yourteprevert.info\/?page_id=1323"},"modified":"2022-09-07T12:08:49","modified_gmt":"2022-09-07T10:08:49","slug":"coaching","status":"publish","type":"page","link":"https:\/\/old.yourteprevert.info\/index.php\/coaching\/","title":{"rendered":"Coaching"},"content":{"rendered":"\n<h2>Coaching<\/h2>\n\n\n\n<figure class=\"wp-block-image size-full\"><img decoding=\"async\" loading=\"lazy\" width=\"841\" height=\"595\" src=\"https:\/\/yourteprevert.info\/wp-content\/uploads\/2022\/09\/coaching-flyer-1.jpg\" alt=\"\" class=\"wp-image-1324\" srcset=\"https:\/\/old.yourteprevert.info\/wp-content\/uploads\/2022\/09\/coaching-flyer-1.jpg 841w, https:\/\/old.yourteprevert.info\/wp-content\/uploads\/2022\/09\/coaching-flyer-1-300x212.jpg 300w, https:\/\/old.yourteprevert.info\/wp-content\/uploads\/2022\/09\/coaching-flyer-1-768x543.jpg 768w\" sizes=\"(max-width: 841px) 100vw, 841px\" \/><\/figure>\n\n\n\n<figure class=\"wp-block-image size-full\"><img decoding=\"async\" loading=\"lazy\" width=\"841\" height=\"595\" src=\"https:\/\/yourteprevert.info\/wp-content\/uploads\/2022\/09\/coaching-flyer-2.jpg\" alt=\"\" class=\"wp-image-1325\" srcset=\"https:\/\/old.yourteprevert.info\/wp-content\/uploads\/2022\/09\/coaching-flyer-2.jpg 841w, https:\/\/old.yourteprevert.info\/wp-content\/uploads\/2022\/09\/coaching-flyer-2-300x212.jpg 300w, https:\/\/old.yourteprevert.info\/wp-content\/uploads\/2022\/09\/coaching-flyer-2-768x543.jpg 768w\" sizes=\"(max-width: 841px) 100vw, 841px\" \/><\/figure>\n\n\n\n<h3>T\u00e9moignages<\/h3>\n\n\n\n<p>\u00ab\u00a0Carole m\u2019a aid\u00e9e \u00e0 garder confiance en mes capacit\u00e9s, \u00e0 canaliser mon stress et \u00e0 me focaliser sur mon objectif. Que ce soit par la m\u00e9ditation et la d\u00e9tente le soir avant de me coucher, le yoga le matin, les astuces de m\u00e9morisation et de concentration ou par l\u2019alimentation, autant de cordes \u00e0 l\u2019arc de la r\u00e9ussite. Par sa bienveillance, son \u00e9coute et son esprit d\u2019analyse, elle a su me guider sans me porter, me montrer la voie sans \u00eatre une b\u00e9quille. Ce que j\u2019ai appris durant cette p\u00e9riode, je peux d\u00e9sormais l\u2019appliquer seule pour mes prochains \u00ab\u00a0challenges\u00a0\u00bb et ma vie de tous les jours.\u00a0\u00bb<em><br>Sandra 32 ans<\/em><\/p>\n\n\n\n<p>\u00ab&nbsp;La personnalit\u00e9 bienveillante et respectueuse de Madame Carole Collaud ainsi que ces comp\u00e9tences et son savoir pour adapter une pratique en fonction de ma personne et de ma morphologie sont autant de facteurs aidant \u00e0 poursuivre ma d\u00e9marche et mes pratiques qui sont faite de pratiques en groupe, de pratique individuelle coacher et de pratiques individuelles. Aujourd\u2019hui, je mesure le chemin parcouru en trois ans, l\u2019am\u00e9lioration des&nbsp;capacit\u00e9s physiques et mon bien-\u00eatre mental et physique. Je lui exprime ma gratitude.&nbsp;\u00bb<em><br>Jean-Luc 68 ans<\/em><\/p>\n\n\n\n<p>\u00ab&nbsp;J\u2019ai demand\u00e9 un accompagnement \u00e0 Carole pour mener \u00e0 bien la derni\u00e8re ligne droite pour l\u2019examen du barreau d\u2019avocat. En effet, en plus de pouvoir mener un apprentissage optimal, je devais aussi g\u00e9rer le stress qui augmentait avec l\u2019approche de l\u2019\u00e9ch\u00e9ance et pouvoir m\u2019assurer de g\u00e9rer celui qui surviendrait le jour J. Un bon sommeil est essentiel, mais un rien le perturbe. La m\u00e9ditation et les exercices de respiration m\u2019ont aid\u00e9e. Une visualisation de l\u2019objectif et un travail sur la confiance en mes capacit\u00e9s \u00e9taient n\u00e9cessaires pour me calmer et une alimentation adapt\u00e9e, essentielle pour utiliser au mieux mes ressources c\u00e9r\u00e9brales.&nbsp;\u00bb<br><em>Lise 34 ans<\/em><\/p>\n\n\n\n<p>\u00ab\u00a0Je suis juriste et com\u00e9dienne de formation. Je vis \u00e0 Bruxelles.\u00a0Pour des raisons professionnelles, j&rsquo;ai l&rsquo;habitude de me rendre \u00e0 Fribourg 2-3 fois par ans.\u00a0Mes arriv\u00e9es en Suisse sont \u00e0 peu pr\u00e8s similaires, je suis lessiv\u00e9e de ma vie citadine. Mes d\u00e9parts de Suisse, sont eux aussi \u00e0 peu pr\u00e8s similaires, je suis lib\u00e9r\u00e9e de ma vie citadine.\u00a0J&rsquo;ai perdu 10 ans, je me sens sereine, en forme.\u00a0A l&rsquo;endroit juste.\u00a0J&rsquo;ai l&rsquo;immense chance de recevoir \u00e0 chaque passage, les soins prodigu\u00e9s par Carole.\u00a0Pour chacune des disciplines dans lesquelles Carole excelle, ce\u00a0qui me plait c&rsquo;est la grande \u00e9coute et douceur dont elle fait preuve. Son s\u00e9rieux et sa sinc\u00e9rit\u00e9. Mais \u00e9galement son approche holistique,\u00a0le respect le plus total de l&rsquo;intimit\u00e9 et la singularit\u00e9 de chacun. Aussi, j&rsquo;appr\u00e9cie le concret de son travail et la qualit\u00e9 des explications. Ce qui me permet de repartir avec des outils de bien-\u00eatre utiles au quotidien.\u00a0Au-del\u00e0 des bienfaits physiques, j&rsquo;appr\u00e9cie la rencontre d&rsquo;\u00e9nergie.\u00a0Ressour\u00e7ante et puissante propulsion. Tremplin pour la suite de mes aventures.\u00a0\u00bb<br><em>H\u00e9l\u00e8ne 30 ans<\/em><\/p>\n","protected":false},"excerpt":{"rendered":"<p>Coaching T\u00e9moignages \u00ab\u00a0Carole m\u2019a aid\u00e9e \u00e0 garder confiance en mes capacit\u00e9s, \u00e0 canaliser mon stress et \u00e0 me focaliser sur mon objectif. Que ce soit par la m\u00e9ditation et la d\u00e9tente le soir avant de me coucher, le yoga le matin, les astuces de m\u00e9morisation et de concentration ou par l\u2019alimentation, autant de cordes \u00e0 [&hellip;]<\/p>\n","protected":false},"author":1,"featured_media":0,"parent":0,"menu_order":0,"comment_status":"closed","ping_status":"closed","template":"","meta":[],"_links":{"self":[{"href":"https:\/\/old.yourteprevert.info\/index.php\/wp-json\/wp\/v2\/pages\/1323"}],"collection":[{"href":"https:\/\/old.yourteprevert.info\/index.php\/wp-json\/wp\/v2\/pages"}],"about":[{"href":"https:\/\/old.yourteprevert.info\/index.php\/wp-json\/wp\/v2\/types\/page"}],"author":[{"embeddable":true,"href":"https:\/\/old.yourteprevert.info\/index.php\/wp-json\/wp\/v2\/users\/1"}],"replies":[{"embeddable":true,"href":"https:\/\/old.yourteprevert.info\/index.php\/wp-json\/wp\/v2\/comments?post=1323"}],"version-history":[{"count":2,"href":"https:\/\/old.yourteprevert.info\/index.php\/wp-json\/wp\/v2\/pages\/1323\/revisions"}],"predecessor-version":[{"id":1331,"href":"https:\/\/old.yourteprevert.info\/index.php\/wp-json\/wp\/v2\/pages\/1323\/revisions\/1331"}],"wp:attachment":[{"href":"https:\/\/old.yourteprevert.info\/index.php\/wp-json\/wp\/v2\/media?parent=1323"}],"curies":[{"name":"wp","href":"https:\/\/api.w.org\/{rel}","templated":true}]}}