{"id":1275,"date":"2022-08-28T13:15:55","date_gmt":"2022-08-28T11:15:55","guid":{"rendered":"https:\/\/yourteprevert.info\/?page_id=1275"},"modified":"2023-06-20T06:52:59","modified_gmt":"2023-06-20T04:52:59","slug":"camps","status":"publish","type":"page","link":"https:\/\/old.yourteprevert.info\/index.php\/camps\/","title":{"rendered":"Camps"},"content":{"rendered":"\n<p><\/p>\n\n\n\n<p class=\"has-text-align-left has-large-font-size\">CAMP DE YOGA POUR ENFANTS<\/p>\n\n\n\n<figure class=\"wp-block-image size-large\"><img decoding=\"async\" loading=\"lazy\" width=\"724\" height=\"1024\" src=\"https:\/\/yourteprevert.info\/wp-content\/uploads\/2023\/01\/Carole-Camps-a4-1-724x1024.png\" alt=\"\" class=\"wp-image-1344\" srcset=\"https:\/\/old.yourteprevert.info\/wp-content\/uploads\/2023\/01\/Carole-Camps-a4-1-724x1024.png 724w, https:\/\/old.yourteprevert.info\/wp-content\/uploads\/2023\/01\/Carole-Camps-a4-1-212x300.png 212w, https:\/\/old.yourteprevert.info\/wp-content\/uploads\/2023\/01\/Carole-Camps-a4-1-768x1086.png 768w, https:\/\/old.yourteprevert.info\/wp-content\/uploads\/2023\/01\/Carole-Camps-a4-1-1086x1536.png 1086w, https:\/\/old.yourteprevert.info\/wp-content\/uploads\/2023\/01\/Carole-Camps-a4-1.png 1191w\" sizes=\"(max-width: 724px) 100vw, 724px\" \/><\/figure>\n\n\n\n<p><\/p>\n\n\n\n<p><strong>Prochains camps : Et\u00e9<\/strong><\/p>\n\n\n\n<p>7.8.23 au 11.8.23    Chalet du Gros Prarys (Marsens)<\/p>\n\n\n\n<p>14.8.23 au 18.8.23 Camp de jour (sans nuit\u00e9es) dans la Yourte \u00e0 Fribourg<\/p>\n\n\n\n<p><strong>Prochains camps : automne<\/strong><\/p>\n\n\n\n<p>16.10.23 au 20.8.23 Chalet du Gros Prarys (Marsens)<\/p>\n\n\n\n<p><strong>Les camps se remplissent vites, merci d\u00e9j\u00e0 de pr\u00e9 r\u00e9serv\u00e9 si vous souhaitez inscrire votre enfant \u00e0 l&rsquo;un des camps <\/strong><\/p>\n\n\n\n<p><\/p>\n\n\n\n<p>Inscription : par E-mail : carolecollaud@hotmail.com ou SMS 078 8 426 428<\/p>\n\n\n\n<p><\/p>\n\n\n\n<p><\/p>\n\n\n\n<p><strong>Exemple d\u2019une journ\u00e9e<\/strong><\/p>\n\n\n\n<p>Apr\u00e8s s\u2019\u00eatre r\u00e9veill\u00e9s au son de la fl\u00fbte, les enfants peuvent participer \u00e0 une pratique de yoga suivi d\u2019exercices de respiration, de pleine conscience et\/ou de m\u00e9ditation et d\u2019un cercle de parole leur permettant d\u2019exprimer leurs \u00e9motions, besoins, envies et anecdotes en tout genre.<\/p>\n\n\n\n<p>Ensuite, les enfants vont prendre le petit d\u00e9jeuner en pleine nature.<\/p>\n\n\n\n<p>Pendant la journ\u00e9e et en fonction du camp, ils peuvent participer \u00e0 des activit\u00e9s de th\u00e9\u00e2tre ou d\u2019autres activit\u00e9s cr\u00e9atives anim\u00e9es par des \u00ab&nbsp;invit\u00e9s surprises&nbsp;\u00bb telles que la d\u00e9couverte des plantes comestibles, du bricolage (peinture, couture, confection d\u2019attrape-r\u00eave, de baume pour la peau,\u2026), de la cuisine, des jeux de r\u00f4les ainsi que des jeux communautaires (o\u00f9 tout un chacun, grands, petits, rapides, lents, est invit\u00e9 \u00e0 participer sans que n\u2019existent les notions de gagnants\/perdants).<\/p>\n\n\n\n<p>Ils sont \u00e9galement sensibilis\u00e9s \u00e0 la \u00ab&nbsp;<strong>Communication Non Violente&nbsp;<\/strong>\u00bb, technique par le biais de laquelle l\u2019enfant apprend \u00e0 verbaliser ses observations, \u00e9motions, ressentis et besoins dans le cadre d\u2019une situation donn\u00e9e.<\/p>\n\n\n\n<p>Enfin, la journ\u00e9e est g\u00e9n\u00e9ralement ponctu\u00e9e par un atelier calme (yoga, respiration, massage sur v\u00eatements, lecture, d\u00e9bats, philosophie, expos\u00e9s pr\u00e9par\u00e9s et pr\u00e9sent\u00e9s par les enfants eux-m\u00eames) et se cl\u00f4ture par un second cercle de parole.<\/p>\n\n\n\n<p>Si j\u2019ai choisi l\u2019intitul\u00e9 \u00ab&nbsp;CAMP DE YOGA POUR ENFANTS&nbsp;\u00bb, c\u2019est \u2026<\/p>\n\n\n\n<p>Parce qu\u2019il s\u2019agit bel et bien d\u2019un camp de YOGA&nbsp;!<\/p>\n\n\n\n<p>Parce que le YOGA constitue un grand TOUT.<\/p>\n\n\n\n<p>Il faut se m\u00e9fier de croire que le yoga se r\u00e9sume \u00e0 un enchainement de trois positions, deux techniques de respiration et une minute de m\u00e9ditation. Le yoga s\u2019\u00e9tend bien au-del\u00e0 de ce qui est enseign\u00e9 en une heure sur le p\u00e9rim\u00e8tre de son tapis&nbsp;!<\/p>\n\n\n\n<p>Le yoga c\u2019est un art de vivre. Une discipline de vie. Un apprentissage infini. Un retour&nbsp; \u00e0 soi qui n\u00e9cessite des remises en questions et des adaptations constantes.<\/p>\n\n\n\n<p>C\u2019est aussi une mani\u00e8re de se conna\u00eetre, de concevoir la vie et d\u2019entrer en contact avec la nature et au monde qui nous entoure. De se comporter avec les autres. D\u2019ajuster son attitude et son \u00e9nergie pour mieux rayonner. C\u2019est une fa\u00e7on de se nourrir et de r\u00e9fl\u00e9chir. De faire face au monde.<\/p>\n\n\n\n<p>Le yoga implique des choix en conscience et en responsabilit\u00e9.<\/p>\n\n\n\n<p>Choisir ses aliments.<br>Choisir ses relations.<br>Choisir ses pens\u00e9es.<br>Choisir ses lectures.<br>Choisir ses activit\u00e9s.<\/p>\n\n\n\n<p>Et aller sans cesse vers \u00ab&nbsp;<em>le refuge de l\u2019\u00e2me qui s\u2019am\u00e9liore<\/em>&nbsp;\u00bb.<\/p>\n\n\n\n<p>Si j\u2019ai choisi cet intitul\u00e9, c\u2019est aussi parce qu\u2019\u00e0 mes camps, chaque journ\u00e9e commence par du yoga.<\/p>\n\n\n\n<p><\/p>\n\n\n\n<p><\/p>\n\n\n\n<ul>\n<li><strong>Ma philosophie<\/strong><\/li>\n<\/ul>\n\n\n\n<p>Les camps se d\u00e9roulent au chalet du <a href=\"https:\/\/gros-prarys.ch\/\">Gros-Prarys<\/a>.<\/p>\n\n\n\n<p>De par sa localisation et son infrastructure il n\u2019y a pas de WI-FI. Entour\u00e9 de for\u00eats et rivi\u00e8res \u00e0 360 degr\u00e9s, ce chalet est propice \u00e0 une <strong>d\u00e9connection totale<\/strong> pour plus de connexion \u00e0 soi. De plus, tout objet \u00e9lectronique ne sont pas autoris\u00e9s au camp. Afin de vivre pleinement le moment pr\u00e9sent.<\/p>\n\n\n\n<p>Cela nous permet de ne pas \u00eatre d\u00e9concentr\u00e9s par des sollicitations ext\u00e9rieures et d\u2019\u00eatre pleinement pr\u00e9sent \u00e0 ce qu\u2019on est en train de faire sans horaire et sans se soucier de ce qui se passera apr\u00e8s.<\/p>\n\n\n\n<p>\u00c9tant donn\u00e9 que la quasi-totalit\u00e9 des ateliers se passe en plein air, les enfants sont tr\u00e8s souvent en <strong>contact direct avec (leur sens et )la nature<\/strong>. Nous marchons tous les jours et une excursion\/randonn\u00e9e est organis\u00e9e \u00e0 chaque camp, ce qui permet \u00e0 chacun de se d\u00e9passer \u00e0 sa mani\u00e8re. &nbsp;<\/p>\n\n\n\n<p>Par des parcours pieds nus, l\u2019\u00e9coute attentive des sons de la for\u00eat, la d\u00e9gustation d\u2019aliments nouveaux, tous leurs sens sont sollicit\u00e9s et en \u00e9veil. Ainsi, ils sont pr\u00eats \u00e0 recevoir et \u00e0 d\u00e9couvrir.<\/p>\n\n\n\n<p>Tr\u00e8s souvent, les enfants sont amen\u00e9s, en douceur, \u00e0 <strong>sortir de leur zone de confort<\/strong>. Sans jamais y \u00eatre oblig\u00e9s, ils essayent de nouvelles choses (notamment la nourriture), ils d\u00e9couvrent, s\u2019ouvrent aux autres et d\u00e9veloppent leur cr\u00e9ativit\u00e9 et leur curiosit\u00e9.<\/p>\n\n\n\n<p>Parfois m\u00eame, ils apprennent \u00e0 s\u2019ennuyer.<\/p>\n\n\n\n<p>Mon d\u00e9sir est de tout mettre en \u0153uvre pour offrir \u00e0 vos enfants, un support, un cadre rassurant, s\u00e9curitaire et dans le non jugement au sein duquel ils peuvent d\u00e9poser leurs soucis, tracas et angoisses mais aussi de leurs donner des outils et des cl\u00e9s avec lesquels ils pourront repartir du camp et g\u00e9rer leur <strong>quotidien avec plus de l\u00e9g\u00e8ret\u00e9 et de s\u00e9r\u00e9nit\u00e9<\/strong><\/p>\n\n\n\n<p>Pour cela, j\u2019aime partir de l\u2019enfant. Partir de l\u00e0 o\u00f9 il en est, sans jugement, avec ses sp\u00e9cificit\u00e9s, ses besoins et envie mais aussi sa singularit\u00e9.<\/p>\n\n\n\n<p>C\u2019est important pour moi que l\u2019enfant comprenne l\u2019importance de son <strong>unicit\u00e9<\/strong>. C\u2019est en effet, entre autres, gr\u00e2ce \u00e0 cela qu\u2019il trouvera sa place et s\u2019affirmera au sein du <strong>groupe<\/strong>, lieu de partage de valeurs telles que la gratitude, la bienveillance, la reconnaissance, l\u2019empathie et l\u2019acceptation.<\/p>\n\n\n\n<p>Mon souhait de permettre \u00e0 l\u2019enfant d\u2019apprendre \u00e0 se conna\u00eetre et \u00e0 valoriser ses qualit\u00e9s, ses richesses et \u00e0 trouver la lumi\u00e8re en lui mais aussi d\u2019identifier, comprendre et g\u00e9rer ses angoisses.<\/p>\n\n\n\n<p>Je souhaite apporter une <strong>structure<\/strong> et un <strong>encadrement<\/strong> aux enfants, au sein desquels, il est important pour moi que l\u2019enfant se sente le plus <strong>libre <\/strong>possible.<\/p>\n\n\n\n<p>Au camp, les enfants apprennent \u00e0 <strong>verbaliser leurs \u00e9motions<\/strong>, \u00e0 <strong>comprendre leurs r\u00e9actions<\/strong> et celles des autres et \u00e0 <strong>agir en conscience<\/strong>. Ils apprennent aussi \u00e0 \u00eatre \u00e0 l\u2019\u00e9coute de leurs besoins et de ceux des autres.<\/p>\n\n\n\n<p>Enfin, les enfants d\u00e9veloppent leur <strong>libre arbitre<\/strong>, leur <strong>autonomie<\/strong> et leur <strong>capacit\u00e9 \u00e0 trouver des solutions<\/strong>. Ils sont \u00e9galement amen\u00e9s \u00e0 s\u2019exprimer devant les autres et \u00e0 donner leur avis.<\/p>\n\n\n\n<p>Qu\u2019ils ont parfois simplement besoin d\u2019une petite main dans le dos qui leur dit que tout va bien, vas-y, j\u2019ai confiance en toi !&nbsp;<\/p>\n\n\n\n<p>Et dire surtout qu\u2019on rigole comme des fous au Gros-Prarys&nbsp;!!!<\/p>\n\n\n\n<p>Si j\u2019ai autant de plaisir \u00e0 organiser ces camps, c\u2019est aussi parce que j\u2019apprends toujours. Cela fait partie de mon approche. Je pense que nous avons beaucoup \u00e0 apprendre des enfants, de leur spontan\u00e9it\u00e9, leur curiosit\u00e9 et leur \u00e9merveillement.<\/p>\n\n\n\n<p>J\u2019ai aussi pu exp\u00e9rimenter la puissance d\u2019un regard, d\u2019un sourire, d\u2019une petite main dans le dos,<\/p>\n\n\n\n<p>C\u2019est dans la pers\u00e9v\u00e9rance des enfants, leur d\u00e9termination \u00e0 se d\u00e9passer, leurs \u00e9clats de joie et les sourires que je re\u00e7ois en retour que je vois un sens et une possibilit\u00e9 de laisser une trace d\u2019amour.<\/p>\n\n\n\n<p>J\u2019ajouterais pour finir qu\u2019au Gros Prarys, on ne se prend pas au s\u00e9rieux et rit beaucoup et \u00e7a, \u00e7a fait beaucoup de bien.<\/p>\n\n\n\n<p><\/p>\n\n\n\n<ul>\n<li><strong>T\u00e9moignages d\u2019enfants&nbsp;<\/strong><\/li>\n<\/ul>\n\n\n\n<p>\u00ab&nbsp;Ah&nbsp;! mais j\u2019ai compris&nbsp;! En fait, c\u2019est un camp ou l\u2019on prend soin de soi pour prendre soin des autres&nbsp;\u00bb.<\/p>\n\n\n\n<p><em>Fille de 11 ans<\/em><\/p>\n\n\n\n<p>\u00ab&nbsp;C\u2019est un camp g\u00e9nial, je le fais pour la 3<sup>\u00e8me<\/sup> fois et ici, on fait toujours des choses cool et int\u00e9ressantes, on apprend plein de choses et ils ont toujours diff\u00e9rents, je ne m\u2019ennuie jamais&nbsp;\u00bb<\/p>\n\n\n\n<p><em>Gar\u00e7on de 10 ans<\/em><\/p>\n\n\n\n<ul>\n<li><strong>T\u00e9moignages d\u2019une famille<\/strong><\/li>\n<\/ul>\n\n\n\n<p><\/p>\n\n\n\n<p>&nbsp;\u00ab Le camp \u00e9tait super et j\u2019ai aim\u00e9 le yoga qui calme&nbsp;\u00bb &nbsp;&nbsp;&nbsp;&nbsp;&nbsp;&nbsp; &nbsp;&nbsp;&nbsp;&nbsp;&nbsp;&nbsp;&nbsp;&nbsp;&nbsp;&nbsp;&nbsp;&nbsp;&nbsp;&nbsp;&nbsp;&nbsp;&nbsp;&nbsp;<br><em>Gar\u00e7on de 8 ans<\/em><\/p>\n\n\n\n<p>&nbsp;\u00ab Maintenant j\u2019aime mon fr\u00e8re&nbsp;\u00bb et aussi \u00ab\u00a0Maman reste dans le moment pr\u00e9sent&nbsp;\u00bb &nbsp;&nbsp;&nbsp;&nbsp;&nbsp;&nbsp; <br><em>Fille&nbsp; de 10 ans<\/em><\/p>\n\n\n\n<p>Ils ont aussi d\u00e9cid\u00e9 d\u2019instaurer des&nbsp;moments de yoga, de massage, et de remerciements avant les repas.<br>Ils sont rentr\u00e9s enchant\u00e9s et chang\u00e9s par ces 4 jours. La&nbsp;complicit\u00e9 entre mes enfants n\u2019a jamais \u00e9tait aussi belle, bienveillante et sereine.<br>Les activit\u00e9s propos\u00e9es \u00e9taient vraiment bien choisies et plus que appr\u00e9ci\u00e9es par eux et&nbsp;qui me donnent envie de r\u00e9it\u00e9rer cette exp\u00e9rience !!!<br>L\u2019investissement financier est certes important, mais franchement je le referais!<br>Le yoga&nbsp;et autres activit\u00e9s devraient \u00eatre pr\u00e9conis\u00e9s dans le cadre scolaire,&nbsp;malheureusement<br>le chemin pris par l\u2019\u00e9cole est plut\u00f4t de les formater aux supports informatiques plut\u00f4t que favoriser la r\u00e9flexion et la&nbsp;bienveillance.<br><em>La Maman<\/em><\/p>\n\n\n\n<p>\u200b&nbsp;&nbsp;&nbsp;&nbsp;&nbsp;&nbsp;&nbsp;&nbsp;&nbsp;&nbsp;&nbsp;&nbsp;&nbsp;&nbsp;&nbsp;&nbsp;&nbsp;&nbsp;&nbsp;&nbsp;&nbsp;&nbsp;&nbsp;&nbsp;&nbsp;&nbsp;&nbsp;&nbsp;&nbsp;&nbsp;&nbsp;&nbsp;&nbsp;&nbsp;&nbsp;&nbsp;&nbsp;&nbsp;&nbsp;&nbsp;&nbsp;&nbsp;&nbsp;&nbsp;&nbsp;&nbsp;&nbsp;&nbsp;&nbsp;<\/p>\n\n\n\n<p class=\"has-text-align-center\"><em>\u00ab\u00a0Je crois en la contamination de l&rsquo;amour, de la bienveillance, de la douceur et de l&rsquo;intelligence. Chaque fois qu&rsquo;on pose un acte de tendresse, d&rsquo;amour, chaque fois qu&rsquo;on \u00e9claire quelqu&rsquo;un en lui donnant un conseil, on modifie un tout petit peu l&rsquo;avenir de l&rsquo;humanit\u00e9 dans le bon sens.\u00a0\u00bb<\/em><\/p>\n\n\n\n<p class=\"has-text-align-center\">Christophe Andr\u00e9<\/p>\n","protected":false},"excerpt":{"rendered":"<p>CAMP DE YOGA POUR ENFANTS Prochains camps : Et\u00e9 7.8.23 au 11.8.23 Chalet du Gros Prarys (Marsens) 14.8.23 au 18.8.23 Camp de jour (sans nuit\u00e9es) dans la Yourte \u00e0 Fribourg Prochains camps : automne 16.10.23 au 20.8.23 Chalet du Gros Prarys (Marsens) Les camps se remplissent vites, merci d\u00e9j\u00e0 de pr\u00e9 r\u00e9serv\u00e9 si vous souhaitez [&hellip;]<\/p>\n","protected":false},"author":1,"featured_media":0,"parent":0,"menu_order":0,"comment_status":"closed","ping_status":"closed","template":"","meta":[],"_links":{"self":[{"href":"https:\/\/old.yourteprevert.info\/index.php\/wp-json\/wp\/v2\/pages\/1275"}],"collection":[{"href":"https:\/\/old.yourteprevert.info\/index.php\/wp-json\/wp\/v2\/pages"}],"about":[{"href":"https:\/\/old.yourteprevert.info\/index.php\/wp-json\/wp\/v2\/types\/page"}],"author":[{"embeddable":true,"href":"https:\/\/old.yourteprevert.info\/index.php\/wp-json\/wp\/v2\/users\/1"}],"replies":[{"embeddable":true,"href":"https:\/\/old.yourteprevert.info\/index.php\/wp-json\/wp\/v2\/comments?post=1275"}],"version-history":[{"count":17,"href":"https:\/\/old.yourteprevert.info\/index.php\/wp-json\/wp\/v2\/pages\/1275\/revisions"}],"predecessor-version":[{"id":1447,"href":"https:\/\/old.yourteprevert.info\/index.php\/wp-json\/wp\/v2\/pages\/1275\/revisions\/1447"}],"wp:attachment":[{"href":"https:\/\/old.yourteprevert.info\/index.php\/wp-json\/wp\/v2\/media?parent=1275"}],"curies":[{"name":"wp","href":"https:\/\/api.w.org\/{rel}","templated":true}]}}