{"id":1061,"date":"2019-05-19T16:55:10","date_gmt":"2019-05-19T14:55:10","guid":{"rendered":"http:\/\/yourteprevert.info\/?page_id=1061"},"modified":"2019-05-19T17:58:42","modified_gmt":"2019-05-19T15:58:42","slug":"misa","status":"publish","type":"page","link":"https:\/\/old.yourteprevert.info\/index.php\/misa\/","title":{"rendered":"MISA"},"content":{"rendered":"<p>&nbsp;<\/p>\n<p>&nbsp;<\/p>\n<p><a href=\"https:\/\/yourteprevert.ch\/wp-content\/uploads\/2019\/05\/pr-flyer.jpg\"><img decoding=\"async\" loading=\"lazy\" class=\"aligncenter wp-image-735\" src=\"https:\/\/yourteprevert.ch\/wp-content\/uploads\/2019\/05\/pr-flyer-1.jpg\" alt=\"\" width=\"533\" height=\"300\" \/><\/a><\/p>\n<p>&nbsp;<\/p>\n<p>&nbsp;<\/p>\n<h2>Qu&rsquo;est-ce que c&rsquo;est ?<\/h2>\n<p>Les ateliers de <strong>massage \u00e0 l&rsquo;\u00e9cole<\/strong> et <strong>massage au sein du cercle familial<\/strong> permettent aux enfants de d\u00e9couvrir une routine compos\u00e9e de 15 mouvements de massage d\u2019apr\u00e8s le programme <strong><a href=\"https:\/\/massageinschools.com\/\" rel=\"noopener\" target=\"_blank\">MISP (massage in school programme)<\/a><\/strong> sous forme d\u2019histoire, de jeu et d\u2019images.<\/p>\n<p>Les massages sont faits sur les habits :<\/p>\n<ul>\n<li>d\u2019enfant \u00e0 enfant<\/li>\n<li>parent \u00e0 enfant<\/li>\n<li>enfant \u00e0 parent<\/li>\n<\/ul>\n<p>Le programme va de 8 \u00e0 10 s\u00e9ances mais c\u2019est aussi possible d\u2019organiser un \u00e9v\u00e8nement en famille ou pour un cadeau d\u2019un enfant, en individuel (duo) ou en petits groupes sur une s\u00e9ance d\u00e9couverte.<\/p>\n<p>&nbsp;<\/p>\n<h1 style=\"text-align: center;\">Les bienfaits du massage sont imm\u00e9diats et \u2026<br \/>\ndurent toute la vie !<\/h1>\n<p>&nbsp;<\/p>\n<p>&nbsp;<\/p>\n<h2>Bienfaits pour l\u2019enfant<\/h2>\n<ul>\n<li>Reconna\u00eetre un toucher sain d\u2019un toucher malsain<\/li>\n<li>Apprendre le respect de soi-m\u00eame et des autres<\/li>\n<li>Avoir la possibilit\u00e9 de dire \u00ab oui \u00bb ou \u00ab non \u00bb au toucher<\/li>\n<li>Renforcer sa confiance en soi<\/li>\n<li>Am\u00e9liorer sa capacit\u00e9 \u00e0 se concentrer sur une plus longue p\u00e9riode<\/li>\n<li>Augmenter ses capacit\u00e9s d\u2019apprentissage et de r\u00e9ussite scolaire<\/li>\n<li>Acqu\u00e9rir des notions sur la gestion de son stress<\/li>\n<li>D\u00e9velopper son ouverture aux autres et sa capacit\u00e9 de communication<\/li>\n<li>Aide \u00e0 d\u00e9velopper le c\u00f4t\u00e9 kinesth\u00e9sique et la motricit\u00e9<\/li>\n<\/ul>\n<h2>Bienfaits pour les parents, la famille, la fratrie<\/h2>\n<ul>\n<li>Apaisement, moins de nervosit\u00e9 \u2013 stress \u2013 anxi\u00e9t\u00e9<\/li>\n<li>Nouvelle dynamique et ouverture d\u2019esprit<\/li>\n<li>\u00c9change de partage, communication plus authentique<\/li>\n<li>Tisser des liens dans l\u2019authenticit\u00e9<\/li>\n<li>Meilleur sommeil<\/li>\n<li>Meilleure gestion des \u00e9motions<\/li>\n<li>Plus grande concentration, accroitre la confiance entre (enfants\/parents)<\/li>\n<li>Plus d\u2019empathie envers la fratrie<\/li>\n<li>Vivre plus de \u00ab Zen Attitude \u00bb en famille !<\/li>\n<\/ul>\n<h2>Bienfaits pour l\u2019enseignant<\/h2>\n<ul>\n<li>Profiter d\u2019une classe plus harmonieuse et moins bruyante<\/li>\n<li>Favoriser chez l\u2019enfant un \u00e9tat propice \u00e0 l\u2019apprentissage<\/li>\n<li>Contribuer \u00e0 une meilleure r\u00e9ussite scolaire de sa classe<\/li>\n<li>Favoriser la notion de respect et la communication<\/li>\n<li>Diminuer les comportements parfois agressifs des enfants<\/li>\n<\/ul>\n<h2>Bienfaits pour l\u2019\u00e9cole enti\u00e8re<\/h2>\n<ul>\n<li>Favoriser le respect et l\u2019ouverture \u00e0 l\u2019autre<\/li>\n<li>Avoir un outil pratique pour lutter contre l\u2019intimidation et la violence<\/li>\n<li>Offrir une activit\u00e9 constante et permanente \u00e0 mesure que l\u2019enfant \u00e9volue d\u2019une ann\u00e9e \u00e0 l\u2019autre<\/li>\n<li>Image d\u2019une \u00e9cole innovante et convoit\u00e9e<\/li>\n<\/ul>\n<h2>Bienfaits pour la soci\u00e9t\u00e9<\/h2>\n<p>Les effets des massages se manifestent \u00e0 \u00e9galement long terme. Si tous les enfants b\u00e9n\u00e9ficieraient de quelques minutes de massage par jour, dans un futur proche, nous pouvons imaginer une soci\u00e9t\u00e9 compos\u00e9e d\u2019individus :<\/p>\n<ul>\n<li>plus pacifique<\/li>\n<li>plus respectueux les uns des autres,<\/li>\n<li>plus positifs,<br \/>\n\u2026avec une diminution r\u00e9elle de la violence sur terre<\/li>\n<\/ul>\n<h2>Documents d&rsquo;information<\/h2>\n<p><a href=\"https:\/\/yourteprevert.ch\/wp-content\/uploads\/2019\/05\/2019-Dossier-de-pre\u0301sentation-pour-les-e\u0301coles-Misa-Suisse-2016.pdf\">Dossier de pre\u0301sentation pour les e\u0301coles<\/a><\/p>\n<p><a href=\"https:\/\/yourteprevert.ch\/wp-content\/uploads\/2019\/05\/MISA-flyers.pdf\">Flyer \u00e0 t\u00e9l\u00e9charger<\/a><\/p>\n","protected":false},"excerpt":{"rendered":"<p>&nbsp; &nbsp; &nbsp; &nbsp; Qu&rsquo;est-ce que c&rsquo;est ? Les ateliers de massage \u00e0 l&rsquo;\u00e9cole et massage au sein du cercle familial permettent aux enfants de d\u00e9couvrir une routine compos\u00e9e de 15 mouvements de massage d\u2019apr\u00e8s le programme MISP (massage in school programme) sous forme d\u2019histoire, de jeu et d\u2019images. Les massages sont faits sur les [&hellip;]<\/p>\n","protected":false},"author":1,"featured_media":0,"parent":0,"menu_order":0,"comment_status":"closed","ping_status":"closed","template":"","meta":[],"_links":{"self":[{"href":"https:\/\/old.yourteprevert.info\/index.php\/wp-json\/wp\/v2\/pages\/1061"}],"collection":[{"href":"https:\/\/old.yourteprevert.info\/index.php\/wp-json\/wp\/v2\/pages"}],"about":[{"href":"https:\/\/old.yourteprevert.info\/index.php\/wp-json\/wp\/v2\/types\/page"}],"author":[{"embeddable":true,"href":"https:\/\/old.yourteprevert.info\/index.php\/wp-json\/wp\/v2\/users\/1"}],"replies":[{"embeddable":true,"href":"https:\/\/old.yourteprevert.info\/index.php\/wp-json\/wp\/v2\/comments?post=1061"}],"version-history":[{"count":30,"href":"https:\/\/old.yourteprevert.info\/index.php\/wp-json\/wp\/v2\/pages\/1061\/revisions"}],"predecessor-version":[{"id":1100,"href":"https:\/\/old.yourteprevert.info\/index.php\/wp-json\/wp\/v2\/pages\/1061\/revisions\/1100"}],"wp:attachment":[{"href":"https:\/\/old.yourteprevert.info\/index.php\/wp-json\/wp\/v2\/media?parent=1061"}],"curies":[{"name":"wp","href":"https:\/\/api.w.org\/{rel}","templated":true}]}}